{"id":1657,"date":"2021-01-25T14:12:44","date_gmt":"2021-01-25T13:12:44","guid":{"rendered":"https:\/\/www.sprachschule-aktiv-mannheim.de\/anmeldung\/"},"modified":"2025-04-24T13:13:55","modified_gmt":"2025-04-24T11:13:55","slug":"kayit","status":"publish","type":"page","link":"https:\/\/www.sprachschule-aktiv-mannheim.de\/tr\/kayit\/","title":{"rendered":"Dil Kurslar\u0131 i\u00e7in Kay\u0131t"},"content":{"rendered":"<p>[vc_row css=&#8221;.vc_custom_1486284745672{margin-top: 25px !important;padding-bottom: 30px !important;}&#8221;][vc_column][vc_column_text]<\/p>\n<h2>Dil Kurslar\u0131 i\u00e7in Kay\u0131t<\/h2>\n<p>Dil Kurslar\u0131 i\u00e7in Kay\u0131t &#8211; L\u00fctfen istedi\u011finiz dil kursu i\u00e7in kay\u0131t formunu doldurun.<br \/>\n[\/vc_column_text][\/vc_column][\/vc_row][vc_row full_width=&#8221;stretch_row&#8221; css=&#8221;.vc_custom_1708438891655{padding-bottom: 20px !important;background-color: #f8f8f8 !important;}&#8221;][vc_column]\n<div class=\"wpcf7 no-js\" id=\"wpcf7-f1660-o1\" lang=\"de-DE\" dir=\"ltr\" data-wpcf7-id=\"1660\">\n<div class=\"screen-reader-response\"><p role=\"status\" aria-live=\"polite\" aria-atomic=\"true\"><\/p> <ul><\/ul><\/div>\n<form action=\"\/tr\/wp-json\/wp\/v2\/pages\/1657#wpcf7-f1660-o1\" method=\"post\" class=\"wpcf7-form init wpcf7-acceptance-as-validation\" aria-label=\"Kontaktformular\" novalidate=\"novalidate\" data-status=\"init\">\n<fieldset class=\"hidden-fields-container\"><input type=\"hidden\" name=\"_wpcf7\" value=\"1660\" \/><input type=\"hidden\" name=\"_wpcf7_version\" value=\"6.1.5\" \/><input type=\"hidden\" name=\"_wpcf7_locale\" value=\"de_DE\" \/><input type=\"hidden\" name=\"_wpcf7_unit_tag\" value=\"wpcf7-f1660-o1\" \/><input type=\"hidden\" name=\"_wpcf7_container_post\" value=\"0\" \/><input type=\"hidden\" name=\"_wpcf7_posted_data_hash\" value=\"\" \/><input type=\"hidden\" name=\"_wpcf7cf_hidden_group_fields\" value=\"[]\" \/><input type=\"hidden\" name=\"_wpcf7cf_hidden_groups\" value=\"[]\" \/><input type=\"hidden\" name=\"_wpcf7cf_visible_groups\" value=\"[]\" \/><input type=\"hidden\" name=\"_wpcf7cf_repeaters\" value=\"[]\" \/><input type=\"hidden\" name=\"_wpcf7cf_steps\" value=\"{}\" \/><input type=\"hidden\" name=\"_wpcf7cf_options\" value=\"{&quot;form_id&quot;:1660,&quot;conditions&quot;:[],&quot;settings&quot;:{&quot;animation&quot;:&quot;yes&quot;,&quot;animation_intime&quot;:200,&quot;animation_outtime&quot;:200,&quot;conditions_ui&quot;:&quot;normal&quot;,&quot;notice_dismissed&quot;:false}}\" \/><input type=\"hidden\" name=\"_wpcf7_recaptcha_response\" value=\"\" \/>\n<\/fieldset>\n<p>&nbsp;\n<\/p>\n<p><b>Ki\u015fisel Bilgiler<\/b>\n<\/p>\n<div class=\"two-columns\">\n\t<div class=\"column\">\n\t\t<p>Hitap: <span class=\"wpcf7-form-control-wrap\" data-name=\"anrede\"><select class=\"wpcf7-form-control wpcf7-select\" aria-invalid=\"false\" name=\"anrede\"><option value=\"\">&#8211; Bitte ausw\u00e4hlen &#8211;<\/option><option value=\"Bayan\">Bayan<\/option><option value=\"Bay\">Bay<\/option><\/select><\/span>\n\t\t<\/p>\n\t<\/div>\n\t<div class=\"column\">\n\t\t<p>Firma: <span class=\"wpcf7-form-control-wrap\" data-name=\"Firma\"><input size=\"40\" maxlength=\"400\" class=\"wpcf7-form-control wpcf7-text\" aria-invalid=\"false\" value=\"\" type=\"text\" name=\"Firma\" \/><\/span>\n\t\t<\/p>\n\t<\/div>\n<\/div>\n<div class=\"two-columns\">\n\t<div class=\"column\">\n\t\t<p>Ad (*): <span class=\"wpcf7-form-control-wrap\" data-name=\"Vorname\"><input size=\"40\" maxlength=\"400\" class=\"wpcf7-form-control wpcf7-text wpcf7-validates-as-required\" aria-required=\"true\" aria-invalid=\"false\" value=\"\" type=\"text\" name=\"Vorname\" \/><\/span>\n\t\t<\/p>\n\t<\/div>\n\t<div class=\"column\">\n\t\t<p>Soyad (*): <span class=\"wpcf7-form-control-wrap\" data-name=\"Nachname\"><input size=\"40\" maxlength=\"400\" class=\"wpcf7-form-control wpcf7-text wpcf7-validates-as-required\" aria-required=\"true\" aria-invalid=\"false\" value=\"\" type=\"text\" name=\"Nachname\" \/><\/span>\n\t\t<\/p>\n\t<\/div>\n<\/div>\n<div class=\"two-columns\">\n\t<div class=\"column\">\n\t\t<p>Telefon (*): <span class=\"wpcf7-form-control-wrap\" data-name=\"Telefon\"><input size=\"40\" maxlength=\"400\" class=\"wpcf7-form-control wpcf7-text wpcf7-validates-as-required\" aria-required=\"true\" aria-invalid=\"false\" value=\"\" type=\"text\" name=\"Telefon\" \/><\/span>\n\t\t<\/p>\n\t<\/div>\n\t<div class=\"column\">\n\t\t<p>E-posta Adresi (*): <span class=\"wpcf7-form-control-wrap\" data-name=\"your-email\"><input size=\"40\" maxlength=\"400\" class=\"wpcf7-form-control wpcf7-email wpcf7-validates-as-required wpcf7-text wpcf7-validates-as-email\" aria-required=\"true\" aria-invalid=\"false\" value=\"\" type=\"email\" name=\"your-email\" \/><\/span>\n\t\t<\/p>\n\t<\/div>\n<\/div>\n<p>&nbsp;\n<\/p>\n<p><b>Adres Bilgileri<\/b>\n<\/p>\n<div class=\"two-columns\">\n\t<div class=\"column\">\n\t\t<p>Sokak (*): <span class=\"wpcf7-form-control-wrap\" data-name=\"Adresse\"><input size=\"40\" maxlength=\"400\" class=\"wpcf7-form-control wpcf7-text wpcf7-validates-as-required\" aria-required=\"true\" aria-invalid=\"false\" value=\"\" type=\"text\" name=\"Adresse\" \/><\/span>\n\t\t<\/p>\n\t<\/div>\n\t<div class=\"column\">\n\t\t<p>Ev Numaras\u0131 (*): <span class=\"wpcf7-form-control-wrap\" data-name=\"Hausnummer\"><input size=\"40\" maxlength=\"400\" class=\"wpcf7-form-control wpcf7-text wpcf7-validates-as-required\" aria-required=\"true\" aria-invalid=\"false\" value=\"\" type=\"text\" name=\"Hausnummer\" \/><\/span>\n\t\t<\/p>\n\t<\/div>\n<\/div>\n<div class=\"two-columns\">\n\t<div class=\"column\">\n\t\t<p>Posta Kodu (*): <span class=\"wpcf7-form-control-wrap\" data-name=\"PLZ\"><input size=\"40\" maxlength=\"400\" class=\"wpcf7-form-control wpcf7-text wpcf7-validates-as-required\" aria-required=\"true\" aria-invalid=\"false\" value=\"\" type=\"text\" name=\"PLZ\" \/><\/span>\n\t\t<\/p>\n\t<\/div>\n\t<div class=\"column\">\n\t\t<p>\u015eehir (*): <span class=\"wpcf7-form-control-wrap\" data-name=\"Ort\"><input size=\"40\" maxlength=\"400\" class=\"wpcf7-form-control wpcf7-text wpcf7-validates-as-required\" aria-required=\"true\" aria-invalid=\"false\" value=\"\" type=\"text\" name=\"Ort\" \/><\/span>\n\t\t<\/p>\n\t<\/div>\n<\/div>\n<p>&nbsp;\n<\/p>\n<p><b>Kurs Bilgileri:<\/b>\n<\/p>\n<div class=\"two-columns\">\n\t<div class=\"column\">\n\t\t<p>Hangi dili \u00f6\u011frenmek istersiniz?* : <span class=\"wpcf7-form-control-wrap\" data-name=\"Sprache\"><input size=\"40\" maxlength=\"400\" class=\"wpcf7-form-control wpcf7-text wpcf7-validates-as-required\" aria-required=\"true\" aria-invalid=\"false\" placeholder=\"\u00d6rne\u011fin, Almanca, \u0130ngilizce, \u0130spanyolca\" value=\"\" type=\"text\" name=\"Sprache\" \/><\/span>\n\t\t<\/p>\n\t<\/div>\n\t<div class=\"column\">\n\t\t<p>Kurs T\u00fcr\u00fc*: <span class=\"wpcf7-form-control-wrap\" data-name=\"Kursart\"><select class=\"wpcf7-form-control wpcf7-select wpcf7-validates-as-required\" aria-required=\"true\" aria-invalid=\"false\" name=\"Kursart\"><option value=\"\">&#8211; Bitte ausw\u00e4hlen &#8211;<\/option><option value=\"4 Haftal\u0131k Yo\u011fun Kurs: 499,00 \u20ac\">4 Haftal\u0131k Yo\u011fun Kurs: 499,00 \u20ac<\/option><option value=\"\u00d6zel Teklif: 16 Hafta: 449,00 \u20ac \/ay -  1796,00 \u20ac toplam\">\u00d6zel Teklif: 16 Hafta: 449,00 \u20ac \/ay -  1796,00 \u20ac toplam<\/option><option value=\"\u00d6zel Teklif: 2 Ay + Telc S\u0131nav\u0131: 1099,00 \u20ac\">\u00d6zel Teklif: 2 Ay + Telc S\u0131nav\u0131: 1099,00 \u20ac<\/option><option value=\"\u00d6zel Teklif: D\u00f6rt Ay Almanca Ak\u015fam Kursu 998,00 \u20ac\">\u00d6zel Teklif: D\u00f6rt Ay Almanca Ak\u015fam Kursu 998,00 \u20ac<\/option><option value=\"Almanca Ak\u015fam Kursu 279,00 \u20ac d\u00f6rt hafta i\u00e7in\">Almanca Ak\u015fam Kursu 279,00 \u20ac d\u00f6rt hafta i\u00e7in<\/option><option value=\"Vize \u0130\u00e7in Almanca Kursu: 499,00 \u20ac ayl\u0131k\">Vize \u0130\u00e7in Almanca Kursu: 499,00 \u20ac ayl\u0131k<\/option><option value=\"Almanca FSP Haz\u0131rl\u0131k 699,00 \u20ac d\u00f6rt hafta i\u00e7in\">Almanca FSP Haz\u0131rl\u0131k 699,00 \u20ac d\u00f6rt hafta i\u00e7in<\/option><option value=\"\u00d6zel Teklif: Almanca FSP Haz\u0131rl\u0131k 1198,00 \u20ac sekiz hafta i\u00e7in\">\u00d6zel Teklif: Almanca FSP Haz\u0131rl\u0131k 1198,00 \u20ac sekiz hafta i\u00e7in<\/option><option value=\"Ak\u015fam Yabanc\u0131 Dil Kursu 349,00 \u20ac d\u00f6rt hafta i\u00e7in\">Ak\u015fam Yabanc\u0131 Dil Kursu 349,00 \u20ac d\u00f6rt hafta i\u00e7in<\/option><option value=\"\u00d6zel Kurslar\">\u00d6zel Kurslar<\/option><\/select><\/span>\n\t\t<\/p>\n\t<\/div>\n<\/div>\n<div class=\"two-columns\">\n\t<div class=\"column\">\n\t\t<p>Seviye*: <span class=\"wpcf7-form-control-wrap\" data-name=\"niveau\"><select class=\"wpcf7-form-control wpcf7-select wpcf7-validates-as-required\" aria-required=\"true\" aria-invalid=\"false\" name=\"niveau\"><option value=\"A1.1 (Ba\u015flang\u0131\u00e7\/\u0130lk Seviye)\">A1.1 (Ba\u015flang\u0131\u00e7\/\u0130lk Seviye)<\/option><option value=\"A1.2 (Ba\u015flang\u0131\u00e7\/\u0130lk Seviye)\">A1.2 (Ba\u015flang\u0131\u00e7\/\u0130lk Seviye)<\/option><option value=\"A2.1 (Temel\/\u0130lk Seviye)\">A2.1 (Temel\/\u0130lk Seviye)<\/option><option value=\"A2.2 (Temel\/\u0130lk Seviye)\">A2.2 (Temel\/\u0130lk Seviye)<\/option><option value=\"B1.1 (Orta\/Orta Seviye)\">B1.1 (Orta\/Orta Seviye)<\/option><option value=\"B1.2 (Orta\/Orta Seviye)\">B1.2 (Orta\/Orta Seviye)<\/option><option value=\"B2.1 (\u0130leri\/\u0130yi Orta Seviye)\">B2.1 (\u0130leri\/\u0130yi Orta Seviye)<\/option><option value=\"B2.2 (\u0130leri\/\u0130yi Orta Seviye)\">B2.2 (\u0130leri\/\u0130yi Orta Seviye)<\/option><option value=\"C1 (\u0130leri\/Daha \u0130leri)\">C1 (\u0130leri\/Daha \u0130leri)<\/option><option value=\"C2 (Uzmanl\u0131k\/\u00c7ok \u0130yi Bilgi)\">C2 (Uzmanl\u0131k\/\u00c7ok \u0130yi Bilgi)<\/option><\/select><\/span>\n\t\t<\/p>\n\t<\/div>\n\t<div class=\"column\">\n\t\t<p>Kurs Ba\u015flang\u0131c\u0131*: <span class=\"wpcf7-form-control-wrap\" data-name=\"Kursbeginn\"><input class=\"wpcf7-form-control wpcf7-date wpcf7-validates-as-required wpcf7-validates-as-date\" aria-required=\"true\" aria-invalid=\"false\" value=\"\" type=\"date\" name=\"Kursbeginn\" \/><\/span>\n\t\t<\/p>\n\t<\/div>\n<\/div>\n<div class=\"two-columns\">\n\t<div class=\"column\">\n\t\t<p>Kurs S\u00fcresi*: <span class=\"wpcf7-form-control-wrap\" data-name=\"dauer\"><input size=\"40\" maxlength=\"400\" class=\"wpcf7-form-control wpcf7-text wpcf7-validates-as-required\" aria-required=\"true\" aria-invalid=\"false\" placeholder=\"\u00d6rne\u011fin, Yo\u011fun Kurs i\u00e7in 4 Hafta\" value=\"\" type=\"text\" name=\"dauer\" \/><\/span>\n\t\t<\/p>\n\t<\/div>\n\t<div class=\"column\">\n\t\t<p>\u0130stenilen Ders Saati: <span class=\"wpcf7-form-control-wrap\" data-name=\"Stundenzahl\"><input size=\"40\" maxlength=\"400\" class=\"wpcf7-form-control wpcf7-text\" aria-invalid=\"false\" value=\"\" type=\"text\" name=\"Stundenzahl\" \/><\/span>\n\t\t<\/p>\n\t<\/div>\n<\/div>\n<p>&nbsp;\n<\/p>\n<p><b>\u00d6deme:<\/b>\n<\/p>\n<p>\u00d6deme Y\u00f6ntemleri: <span class=\"wpcf7-form-control-wrap\" data-name=\"Zahlung\"><select class=\"wpcf7-form-control wpcf7-select wpcf7-validates-as-required\" aria-required=\"true\" aria-invalid=\"false\" name=\"Zahlung\"><option value=\"Ofis saatlerinde nakit \u00f6deme\">Ofis saatlerinde nakit \u00f6deme<\/option><option value=\"Banka Havalesi\">Banka Havalesi<\/option><\/select><\/span>\n<\/p>\n<p>&nbsp;\n<\/p>\n<p><b>Notlar, Yorumlar<\/b><br \/>\n<span class=\"wpcf7-form-control-wrap\" data-name=\"Bemerkungen\"><textarea cols=\"40\" rows=\"10\" maxlength=\"2000\" class=\"wpcf7-form-control wpcf7-textarea\" aria-invalid=\"false\" name=\"Bemerkungen\"><\/textarea><\/span>\n<\/p>\n<div style=\"\">\n\t<p><span class=\"wpcf7-form-control-wrap\" data-name=\"agb\"><span class=\"wpcf7-form-control wpcf7-acceptance\"><span class=\"wpcf7-list-item\"><input type=\"checkbox\" name=\"agb\" value=\"1\" aria-invalid=\"false\" \/><\/span><\/span><\/span> (*) <a href=\"https:\/\/www.sprachschule-aktiv-mannheim.de\/allgemeineoe-geschaeftsbedingungen\/\" target=\"_blank\">Genel \u015eartlar ve Ko\u015fullar<\/a>'\u0131 okudum ve kabul ediyorum. <a href=\"https:\/\/www.sprachschule-aktiv-mannheim.de\/datenschutzerklaerung\/\" target=\"_blank\">Veri Koruma<\/a> ile ilgili a\u00e7\u0131klamalar\u0131 okudum.\n\t<\/p>\n<\/div>\n<div style=\"\">\n\t<p><span class=\"wpcf7-form-control-wrap\" data-name=\"Widerrufsfrist\"><span class=\"wpcf7-form-control wpcf7-acceptance\"><span class=\"wpcf7-list-item\"><input type=\"checkbox\" name=\"Widerrufsfrist\" value=\"1\" aria-invalid=\"false\" \/><\/span><\/span><\/span> (*) \u0130\u015fbu belge ile, hizmetin uygulanmas\u0131na iptal s\u00fcresi dolmadan ba\u015flamas\u0131na a\u00e7\u0131k\u00e7a onay verdi\u011fimi ve bunu talep etti\u011fimi beyan ediyorum. Hizmet tamamland\u0131\u011f\u0131nda, iptal hakk\u0131m\u0131n kaybolaca\u011f\u0131n\u0131 biliyorum. Ayr\u0131ca, hizmet tam olarak sunulmadan \u00f6nce s\u00f6zle\u015fmeyi iptal edersem, sa\u011flanan k\u0131smi hizmetler (\u00f6rne\u011fin, s\u0131nav \u00fccretleri, benzeri masraflar veya kullan\u0131lan dersler) i\u00e7in de\u011fer kayb\u0131 \u00f6demek zorunda oldu\u011fumun fark\u0131nday\u0131m.\n\t<\/p>\n<\/div>\n<p><b>\u00d6nemli Bilgi \u2013 Bu Formdan Gelen Verilerin Kullan\u0131m\u0131<\/b><br \/>\nVeri koruma ile ilgili \u00f6nemli bilgiler: Verilerimle ilgili bilgi alma, d\u00fczeltme, silme veya anonimle\u015ftirme hakk\u0131m\u0131n fark\u0131nday\u0131m. Ki\u015fisel verileriniz, i\u00e7 veritaban\u0131m\u0131zda yaln\u0131zca talebinizin veya kayd\u0131n\u0131z\u0131n i\u015flenmesi amac\u0131yla saklanacakt\u0131r. Ki\u015fisel verilerinizi, sizin izniniz olmadan genellikle \u00fc\u00e7\u00fcnc\u00fc \u015fah\u0131slara vermemekteyiz, yaln\u0131zca s\u00f6zle\u015fmenin yerine getirilmesi i\u00e7in gerekli olmas\u0131 durumunda veya siz bunu talep etti\u011finizde payla\u015f\u0131l\u0131r. Daha fazla bilgi i\u00e7in l\u00fctfen <a href=\"https:\/\/www.sprachschule-aktiv-mannheim.de\/datenschutzerklaerung\/\" target=\"_blank\">Veri Koruma Beyan\u0131m\u0131z\u0131<\/a> inceleyin.\n<\/p>\n<p><input class=\"wpcf7-form-control wpcf7-submit has-spinner\" type=\"submit\" value=\"\u00dccretli Sipari\u015f Ver\" \/>\n<\/p><div class=\"wpcf7-response-output\" aria-hidden=\"true\"><\/div>\n<\/form>\n<\/div>\n[\/vc_column][\/vc_row]<\/p>\n","protected":false},"excerpt":{"rendered":"<p>[vc_row css=&#8221;.vc_custom_1486284745672{margin-top: 25px !important;padding-bottom: 30px !important;}&#8221;][vc_column][vc_column_text] Dil Kurslar\u0131 i\u00e7in Kay\u0131t Dil Kurslar\u0131 i\u00e7in Kay\u0131t &#8211; L\u00fctfen istedi\u011finiz dil kursu i\u00e7in kay\u0131t formunu doldurun. [\/vc_column_text][\/vc_column][\/vc_row][vc_row full_width=&#8221;stretch_row&#8221; css=&#8221;.vc_custom_1708438891655{padding-bottom: 20px !important;background-color: #f8f8f8 !important;}&#8221;][vc_column][\/vc_column][\/vc_row]<\/p>\n","protected":false},"author":1,"featured_media":0,"parent":0,"menu_order":0,"comment_status":"closed","ping_status":"closed","template":"","meta":{"footnotes":""},"class_list":["post-1657","page","type-page","status-publish","hentry"],"yoast_head":"<!-- This site is optimized with the Yoast SEO plugin v27.1.1 - https:\/\/yoast.com\/product\/yoast-seo-wordpress\/ -->\n<title>Mannheim&#039;deki Dil Kurslar\u0131m\u0131za Kay\u0131t - Almanca \u00f6\u011frenin<\/title>\n<meta name=\"description\" content=\"Bu sayfada, dil kursumuza kay\u0131t olabilirsiniz. Sprachschule Aktiv Mannheim&#039;in dil kurslar\u0131 i\u00e7in kay\u0131t formu.\" \/>\n<meta name=\"robots\" content=\"index, follow, max-snippet:-1, max-image-preview:large, max-video-preview:-1\" \/>\n<link rel=\"canonical\" href=\"https:\/\/www.sprachschule-aktiv-mannheim.de\/tr\/kayit\/\" \/>\n<meta property=\"og:locale\" content=\"tr_TR\" \/>\n<meta property=\"og:type\" content=\"article\" \/>\n<meta property=\"og:title\" content=\"Mannheim&#039;deki Dil Kurslar\u0131m\u0131za Kay\u0131t - Almanca \u00f6\u011frenin\" \/>\n<meta property=\"og:description\" content=\"Bu sayfada, dil kursumuza kay\u0131t olabilirsiniz. Sprachschule Aktiv Mannheim&#039;in dil kurslar\u0131 i\u00e7in kay\u0131t formu.\" \/>\n<meta property=\"og:url\" content=\"https:\/\/www.sprachschule-aktiv-mannheim.de\/tr\/kayit\/\" \/>\n<meta property=\"og:site_name\" content=\"Sprachschule Aktiv Mannheim\" \/>\n<meta property=\"article:modified_time\" content=\"2025-04-24T11:13:55+00:00\" \/>\n<meta name=\"twitter:card\" content=\"summary_large_image\" \/>\n<meta name=\"twitter:label1\" content=\"Tahmini okuma s\u00fcresi\" \/>\n\t<meta name=\"twitter:data1\" content=\"1 dakika\" \/>\n<script type=\"application\/ld+json\" class=\"yoast-schema-graph\">{\"@context\":\"https:\/\/schema.org\",\"@graph\":[{\"@type\":\"WebPage\",\"@id\":\"https:\/\/www.sprachschule-aktiv-mannheim.de\/tr\/kayit\/\",\"url\":\"https:\/\/www.sprachschule-aktiv-mannheim.de\/tr\/kayit\/\",\"name\":\"Mannheim'deki Dil Kurslar\u0131m\u0131za Kay\u0131t - Almanca \u00f6\u011frenin\",\"isPartOf\":{\"@id\":\"https:\/\/www.sprachschule-aktiv-mannheim.de\/#website\"},\"datePublished\":\"2021-01-25T13:12:44+00:00\",\"dateModified\":\"2025-04-24T11:13:55+00:00\",\"description\":\"Bu sayfada, dil kursumuza kay\u0131t olabilirsiniz. Sprachschule Aktiv Mannheim'in dil kurslar\u0131 i\u00e7in kay\u0131t formu.\",\"breadcrumb\":{\"@id\":\"https:\/\/www.sprachschule-aktiv-mannheim.de\/tr\/kayit\/#breadcrumb\"},\"inLanguage\":\"tr\",\"potentialAction\":[{\"@type\":\"ReadAction\",\"target\":[\"https:\/\/www.sprachschule-aktiv-mannheim.de\/tr\/kayit\/\"]}]},{\"@type\":\"BreadcrumbList\",\"@id\":\"https:\/\/www.sprachschule-aktiv-mannheim.de\/tr\/kayit\/#breadcrumb\",\"itemListElement\":[{\"@type\":\"ListItem\",\"position\":1,\"name\":\"Startseite\",\"item\":\"https:\/\/www.sprachschule-aktiv-mannheim.de\/tr\/\"},{\"@type\":\"ListItem\",\"position\":2,\"name\":\"Dil Kurslar\u0131 i\u00e7in Kay\u0131t\"}]},{\"@type\":\"WebSite\",\"@id\":\"https:\/\/www.sprachschule-aktiv-mannheim.de\/#website\",\"url\":\"https:\/\/www.sprachschule-aktiv-mannheim.de\/\",\"name\":\"Sprachschule Aktiv Mannheim\",\"description\":\"\",\"potentialAction\":[{\"@type\":\"SearchAction\",\"target\":{\"@type\":\"EntryPoint\",\"urlTemplate\":\"https:\/\/www.sprachschule-aktiv-mannheim.de\/?s={search_term_string}\"},\"query-input\":{\"@type\":\"PropertyValueSpecification\",\"valueRequired\":true,\"valueName\":\"search_term_string\"}}],\"inLanguage\":\"tr\"}]}<\/script>\n<!-- \/ Yoast SEO plugin. -->","yoast_head_json":{"title":"Mannheim'deki Dil Kurslar\u0131m\u0131za Kay\u0131t - Almanca \u00f6\u011frenin","description":"Bu sayfada, dil kursumuza kay\u0131t olabilirsiniz. Sprachschule Aktiv Mannheim'in dil kurslar\u0131 i\u00e7in kay\u0131t formu.","robots":{"index":"index","follow":"follow","max-snippet":"max-snippet:-1","max-image-preview":"max-image-preview:large","max-video-preview":"max-video-preview:-1"},"canonical":"https:\/\/www.sprachschule-aktiv-mannheim.de\/tr\/kayit\/","og_locale":"tr_TR","og_type":"article","og_title":"Mannheim'deki Dil Kurslar\u0131m\u0131za Kay\u0131t - Almanca \u00f6\u011frenin","og_description":"Bu sayfada, dil kursumuza kay\u0131t olabilirsiniz. Sprachschule Aktiv Mannheim'in dil kurslar\u0131 i\u00e7in kay\u0131t formu.","og_url":"https:\/\/www.sprachschule-aktiv-mannheim.de\/tr\/kayit\/","og_site_name":"Sprachschule Aktiv Mannheim","article_modified_time":"2025-04-24T11:13:55+00:00","twitter_card":"summary_large_image","twitter_misc":{"Tahmini okuma s\u00fcresi":"1 dakika"},"schema":{"@context":"https:\/\/schema.org","@graph":[{"@type":"WebPage","@id":"https:\/\/www.sprachschule-aktiv-mannheim.de\/tr\/kayit\/","url":"https:\/\/www.sprachschule-aktiv-mannheim.de\/tr\/kayit\/","name":"Mannheim'deki Dil Kurslar\u0131m\u0131za Kay\u0131t - Almanca \u00f6\u011frenin","isPartOf":{"@id":"https:\/\/www.sprachschule-aktiv-mannheim.de\/#website"},"datePublished":"2021-01-25T13:12:44+00:00","dateModified":"2025-04-24T11:13:55+00:00","description":"Bu sayfada, dil kursumuza kay\u0131t olabilirsiniz. Sprachschule Aktiv Mannheim'in dil kurslar\u0131 i\u00e7in kay\u0131t formu.","breadcrumb":{"@id":"https:\/\/www.sprachschule-aktiv-mannheim.de\/tr\/kayit\/#breadcrumb"},"inLanguage":"tr","potentialAction":[{"@type":"ReadAction","target":["https:\/\/www.sprachschule-aktiv-mannheim.de\/tr\/kayit\/"]}]},{"@type":"BreadcrumbList","@id":"https:\/\/www.sprachschule-aktiv-mannheim.de\/tr\/kayit\/#breadcrumb","itemListElement":[{"@type":"ListItem","position":1,"name":"Startseite","item":"https:\/\/www.sprachschule-aktiv-mannheim.de\/tr\/"},{"@type":"ListItem","position":2,"name":"Dil Kurslar\u0131 i\u00e7in Kay\u0131t"}]},{"@type":"WebSite","@id":"https:\/\/www.sprachschule-aktiv-mannheim.de\/#website","url":"https:\/\/www.sprachschule-aktiv-mannheim.de\/","name":"Sprachschule Aktiv Mannheim","description":"","potentialAction":[{"@type":"SearchAction","target":{"@type":"EntryPoint","urlTemplate":"https:\/\/www.sprachschule-aktiv-mannheim.de\/?s={search_term_string}"},"query-input":{"@type":"PropertyValueSpecification","valueRequired":true,"valueName":"search_term_string"}}],"inLanguage":"tr"}]}},"_links":{"self":[{"href":"https:\/\/www.sprachschule-aktiv-mannheim.de\/tr\/wp-json\/wp\/v2\/pages\/1657","targetHints":{"allow":["GET"]}}],"collection":[{"href":"https:\/\/www.sprachschule-aktiv-mannheim.de\/tr\/wp-json\/wp\/v2\/pages"}],"about":[{"href":"https:\/\/www.sprachschule-aktiv-mannheim.de\/tr\/wp-json\/wp\/v2\/types\/page"}],"author":[{"embeddable":true,"href":"https:\/\/www.sprachschule-aktiv-mannheim.de\/tr\/wp-json\/wp\/v2\/users\/1"}],"replies":[{"embeddable":true,"href":"https:\/\/www.sprachschule-aktiv-mannheim.de\/tr\/wp-json\/wp\/v2\/comments?post=1657"}],"version-history":[{"count":3,"href":"https:\/\/www.sprachschule-aktiv-mannheim.de\/tr\/wp-json\/wp\/v2\/pages\/1657\/revisions"}],"predecessor-version":[{"id":1661,"href":"https:\/\/www.sprachschule-aktiv-mannheim.de\/tr\/wp-json\/wp\/v2\/pages\/1657\/revisions\/1661"}],"wp:attachment":[{"href":"https:\/\/www.sprachschule-aktiv-mannheim.de\/tr\/wp-json\/wp\/v2\/media?parent=1657"}],"curies":[{"name":"wp","href":"https:\/\/api.w.org\/{rel}","templated":true}]}}