{"id":1649,"date":"2021-01-25T14:04:18","date_gmt":"2021-01-25T13:04:18","guid":{"rendered":"https:\/\/www.sprachschule-aktiv-mannheim.de\/kontakt\/"},"modified":"2025-04-24T13:08:42","modified_gmt":"2025-04-24T11:08:42","slug":"iletisim","status":"publish","type":"page","link":"https:\/\/www.sprachschule-aktiv-mannheim.de\/tr\/iletisim\/","title":{"rendered":"\u0130leti\u015fim Formu \u2013 Sprachschule Aktiv"},"content":{"rendered":"<p>[vc_row css=&#8221;.vc_custom_1486284745672{margin-top: 25px !important;padding-bottom: 30px !important;}&#8221;][vc_column][vc_column_text]<\/p>\n<h2>\u0130leti\u015fim Formu &#8211; Talebiniz<\/h2>\n<p>Sprachschule Aktiv Mannheim\u2019in konumu, \u00e7al\u0131\u015fma saatleri, \u015fubeleri ve ileti\u015fim bilgileri. L\u00fctfen bizimle ileti\u015fim formumuz \u00fczerinden ileti\u015fime ge\u00e7in:<br \/>\n[\/vc_column_text][vc_separator css=&#8221;.vc_custom_1486292233861{padding-top: 30px !important;padding-bottom: 30px !important;}&#8221;][vc_row_inner][vc_column_inner]\n<div class=\"wpcf7 no-js\" id=\"wpcf7-f1652-o1\" lang=\"de-DE\" dir=\"ltr\" data-wpcf7-id=\"1652\">\n<div class=\"screen-reader-response\"><p role=\"status\" aria-live=\"polite\" aria-atomic=\"true\"><\/p> <ul><\/ul><\/div>\n<form action=\"\/tr\/wp-json\/wp\/v2\/pages\/1649#wpcf7-f1652-o1\" method=\"post\" class=\"wpcf7-form init wpcf7-acceptance-as-validation\" aria-label=\"Kontaktformular\" novalidate=\"novalidate\" data-status=\"init\">\n<fieldset class=\"hidden-fields-container\"><input type=\"hidden\" name=\"_wpcf7\" value=\"1652\" \/><input type=\"hidden\" name=\"_wpcf7_version\" value=\"6.1.5\" \/><input type=\"hidden\" name=\"_wpcf7_locale\" value=\"de_DE\" \/><input type=\"hidden\" name=\"_wpcf7_unit_tag\" value=\"wpcf7-f1652-o1\" \/><input type=\"hidden\" name=\"_wpcf7_container_post\" value=\"0\" \/><input type=\"hidden\" name=\"_wpcf7_posted_data_hash\" value=\"\" \/><input type=\"hidden\" name=\"_wpcf7cf_hidden_group_fields\" value=\"[]\" \/><input type=\"hidden\" name=\"_wpcf7cf_hidden_groups\" value=\"[]\" \/><input type=\"hidden\" name=\"_wpcf7cf_visible_groups\" value=\"[]\" \/><input type=\"hidden\" name=\"_wpcf7cf_repeaters\" value=\"[]\" \/><input type=\"hidden\" name=\"_wpcf7cf_steps\" value=\"{}\" \/><input type=\"hidden\" name=\"_wpcf7cf_options\" value=\"{&quot;form_id&quot;:1652,&quot;conditions&quot;:[],&quot;settings&quot;:{&quot;animation&quot;:&quot;yes&quot;,&quot;animation_intime&quot;:200,&quot;animation_outtime&quot;:200,&quot;conditions_ui&quot;:&quot;normal&quot;,&quot;notice_dismissed&quot;:false}}\" \/><input type=\"hidden\" name=\"_wpcf7_recaptcha_response\" value=\"\" \/>\n<\/fieldset>\n<p>Firma: <span class=\"wpcf7-form-control-wrap\" data-name=\"Firma\"><input size=\"40\" maxlength=\"400\" class=\"wpcf7-form-control wpcf7-text fullwidth\" aria-invalid=\"false\" value=\"\" type=\"text\" name=\"Firma\" \/><\/span>\n<\/p>\n<p>Ad\u0131n\u0131z*: <span class=\"wpcf7-form-control-wrap\" data-name=\"Vorname\"><input size=\"40\" maxlength=\"400\" class=\"wpcf7-form-control wpcf7-text wpcf7-validates-as-required fullwidth\" aria-required=\"true\" aria-invalid=\"false\" value=\"\" type=\"text\" name=\"Vorname\" \/><\/span>\n<\/p>\n<p>Soyad\u0131n\u0131z*: <span class=\"wpcf7-form-control-wrap\" data-name=\"Nachname\"><input size=\"40\" maxlength=\"400\" class=\"wpcf7-form-control wpcf7-text wpcf7-validates-as-required fullwidth\" aria-required=\"true\" aria-invalid=\"false\" value=\"\" type=\"text\" name=\"Nachname\" \/><\/span>\n<\/p>\n<p>E-posta*: <span class=\"wpcf7-form-control-wrap\" data-name=\"email\"><input size=\"40\" maxlength=\"400\" class=\"wpcf7-form-control wpcf7-email wpcf7-validates-as-required wpcf7-text wpcf7-validates-as-email fullwidth\" aria-required=\"true\" aria-invalid=\"false\" value=\"\" type=\"email\" name=\"email\" \/><\/span>\n<\/p>\n<p>Telefon*: <span class=\"wpcf7-form-control-wrap\" data-name=\"Telefon\"><input size=\"40\" maxlength=\"400\" class=\"wpcf7-form-control wpcf7-text wpcf7-validates-as-required fullwidth\" aria-required=\"true\" aria-invalid=\"false\" value=\"\" type=\"text\" name=\"Telefon\" \/><\/span>\n<\/p>\n<p>Sorunuz: <span class=\"wpcf7-form-control-wrap\" data-name=\"message\"><textarea cols=\"200\" rows=\"7\" maxlength=\"2000\" class=\"wpcf7-form-control wpcf7-textarea\" aria-invalid=\"false\" name=\"message\"><\/textarea><\/span>\n<\/p>\n<div style=\"\">\n\t<p><span class=\"wpcf7-form-control-wrap\" data-name=\"agb\"><span class=\"wpcf7-form-control wpcf7-acceptance\"><span class=\"wpcf7-list-item\"><input type=\"checkbox\" name=\"agb\" value=\"1\" aria-invalid=\"false\" \/><\/span><\/span><\/span> (*) <a href=\"https:\/\/www.sprachschule-aktiv-mannheim.de\/datenschutzerklaerung\/\" target=\"_blank\">Veri koruma<\/a> ile ilgili a\u00e7\u0131klamalar\u0131 okudum.\n\t<\/p>\n<\/div>\n<p><b>\u00d6nemli Bilgi \u2013 Bu Formdan Gelen Verilerin Kullan\u0131m\u0131<\/b><br \/>\nVeri koruma ile ilgili \u00f6nemli bilgiler: Verilerimle ilgili bilgi alma, d\u00fczeltme, silme veya anonimle\u015ftirme hakk\u0131m\u0131n fark\u0131nday\u0131m. Ki\u015fisel verileriniz, i\u00e7 veritaban\u0131m\u0131zda yaln\u0131zca talebinizin veya kayd\u0131n\u0131z\u0131n i\u015flenmesi amac\u0131yla saklanacakt\u0131r. Ki\u015fisel verilerinizi, sizin izniniz olmadan genellikle \u00fc\u00e7\u00fcnc\u00fc \u015fah\u0131slara vermemekteyiz, yaln\u0131zca s\u00f6zle\u015fmenin yerine getirilmesi i\u00e7in gerekli olmas\u0131 durumunda veya siz bunu talep etti\u011finizde payla\u015f\u0131l\u0131r. Daha fazla bilgi i\u00e7in l\u00fctfen <a href=\"https:\/\/www.sprachschule-aktiv-mannheim.de\/datenschutzerklaerung\/\" target=\"_blank\">Veri Koruma Beyan\u0131m\u0131z\u0131<\/a> inceleyin.\n<\/p>\n<p><input class=\"wpcf7-form-control wpcf7-submit has-spinner fullwidth\" type=\"submit\" value=\"G\u00f6nder\" \/>\n<\/p><div class=\"wpcf7-response-output\" aria-hidden=\"true\"><\/div>\n<\/form>\n<\/div>\n[\/vc_column_inner][\/vc_row_inner][\/vc_column][\/vc_row]<\/p>\n","protected":false},"excerpt":{"rendered":"<p>[vc_row css=&#8221;.vc_custom_1486284745672{margin-top: 25px !important;padding-bottom: 30px !important;}&#8221;][vc_column][vc_column_text] \u0130leti\u015fim Formu &#8211; Talebiniz Sprachschule Aktiv Mannheim\u2019in konumu, \u00e7al\u0131\u015fma saatleri, \u015fubeleri ve ileti\u015fim bilgileri. L\u00fctfen bizimle ileti\u015fim formumuz \u00fczerinden ileti\u015fime ge\u00e7in: [\/vc_column_text][vc_separator css=&#8221;.vc_custom_1486292233861{padding-top: 30px !important;padding-bottom: 30px !important;}&#8221;][vc_row_inner][vc_column_inner][\/vc_column_inner][\/vc_row_inner][\/vc_column][\/vc_row]<\/p>\n","protected":false},"author":1,"featured_media":0,"parent":0,"menu_order":0,"comment_status":"closed","ping_status":"closed","template":"","meta":{"footnotes":""},"class_list":["post-1649","page","type-page","status-publish","hentry"],"yoast_head":"<!-- This site is optimized with the Yoast SEO plugin v27.1.1 - https:\/\/yoast.com\/product\/yoast-seo-wordpress\/ -->\n<title>leti\u015fim Formu \u2013 Sorular\u0131n\u0131z\u0131 bize memnuniyetle iletebilirsiniz<\/title>\n<meta name=\"description\" content=\"\u015eimdi bizimle \u00fccretsiz ve taahh\u00fcts\u00fcz ileti\u015fime ge\u00e7in. Soru ve taleplerinizi en k\u0131sa s\u00fcrede yan\u0131tlayaca\u011f\u0131z.\" \/>\n<meta name=\"robots\" content=\"index, follow, max-snippet:-1, max-image-preview:large, max-video-preview:-1\" \/>\n<link rel=\"canonical\" href=\"https:\/\/www.sprachschule-aktiv-mannheim.de\/tr\/iletisim\/\" \/>\n<meta property=\"og:locale\" content=\"tr_TR\" \/>\n<meta property=\"og:type\" content=\"article\" \/>\n<meta property=\"og:title\" content=\"leti\u015fim Formu \u2013 Sorular\u0131n\u0131z\u0131 bize memnuniyetle iletebilirsiniz\" \/>\n<meta property=\"og:description\" content=\"\u015eimdi bizimle \u00fccretsiz ve taahh\u00fcts\u00fcz ileti\u015fime ge\u00e7in. Soru ve taleplerinizi en k\u0131sa s\u00fcrede yan\u0131tlayaca\u011f\u0131z.\" \/>\n<meta property=\"og:url\" content=\"https:\/\/www.sprachschule-aktiv-mannheim.de\/tr\/iletisim\/\" \/>\n<meta property=\"og:site_name\" content=\"Sprachschule Aktiv Mannheim\" \/>\n<meta property=\"article:modified_time\" content=\"2025-04-24T11:08:42+00:00\" \/>\n<meta name=\"twitter:card\" content=\"summary_large_image\" \/>\n<meta name=\"twitter:label1\" content=\"Tahmini okuma s\u00fcresi\" \/>\n\t<meta name=\"twitter:data1\" content=\"1 dakika\" \/>\n<script type=\"application\/ld+json\" class=\"yoast-schema-graph\">{\"@context\":\"https:\/\/schema.org\",\"@graph\":[{\"@type\":\"WebPage\",\"@id\":\"https:\/\/www.sprachschule-aktiv-mannheim.de\/tr\/iletisim\/\",\"url\":\"https:\/\/www.sprachschule-aktiv-mannheim.de\/tr\/iletisim\/\",\"name\":\"leti\u015fim Formu \u2013 Sorular\u0131n\u0131z\u0131 bize memnuniyetle iletebilirsiniz\",\"isPartOf\":{\"@id\":\"https:\/\/www.sprachschule-aktiv-mannheim.de\/#website\"},\"datePublished\":\"2021-01-25T13:04:18+00:00\",\"dateModified\":\"2025-04-24T11:08:42+00:00\",\"description\":\"\u015eimdi bizimle \u00fccretsiz ve taahh\u00fcts\u00fcz ileti\u015fime ge\u00e7in. Soru ve taleplerinizi en k\u0131sa s\u00fcrede yan\u0131tlayaca\u011f\u0131z.\",\"breadcrumb\":{\"@id\":\"https:\/\/www.sprachschule-aktiv-mannheim.de\/tr\/iletisim\/#breadcrumb\"},\"inLanguage\":\"tr\",\"potentialAction\":[{\"@type\":\"ReadAction\",\"target\":[\"https:\/\/www.sprachschule-aktiv-mannheim.de\/tr\/iletisim\/\"]}]},{\"@type\":\"BreadcrumbList\",\"@id\":\"https:\/\/www.sprachschule-aktiv-mannheim.de\/tr\/iletisim\/#breadcrumb\",\"itemListElement\":[{\"@type\":\"ListItem\",\"position\":1,\"name\":\"Startseite\",\"item\":\"https:\/\/www.sprachschule-aktiv-mannheim.de\/tr\/\"},{\"@type\":\"ListItem\",\"position\":2,\"name\":\"\u0130leti\u015fim Formu \u2013 Sprachschule Aktiv\"}]},{\"@type\":\"WebSite\",\"@id\":\"https:\/\/www.sprachschule-aktiv-mannheim.de\/#website\",\"url\":\"https:\/\/www.sprachschule-aktiv-mannheim.de\/\",\"name\":\"Sprachschule Aktiv Mannheim\",\"description\":\"\",\"potentialAction\":[{\"@type\":\"SearchAction\",\"target\":{\"@type\":\"EntryPoint\",\"urlTemplate\":\"https:\/\/www.sprachschule-aktiv-mannheim.de\/?s={search_term_string}\"},\"query-input\":{\"@type\":\"PropertyValueSpecification\",\"valueRequired\":true,\"valueName\":\"search_term_string\"}}],\"inLanguage\":\"tr\"}]}<\/script>\n<!-- \/ Yoast SEO plugin. -->","yoast_head_json":{"title":"leti\u015fim Formu \u2013 Sorular\u0131n\u0131z\u0131 bize memnuniyetle iletebilirsiniz","description":"\u015eimdi bizimle \u00fccretsiz ve taahh\u00fcts\u00fcz ileti\u015fime ge\u00e7in. Soru ve taleplerinizi en k\u0131sa s\u00fcrede yan\u0131tlayaca\u011f\u0131z.","robots":{"index":"index","follow":"follow","max-snippet":"max-snippet:-1","max-image-preview":"max-image-preview:large","max-video-preview":"max-video-preview:-1"},"canonical":"https:\/\/www.sprachschule-aktiv-mannheim.de\/tr\/iletisim\/","og_locale":"tr_TR","og_type":"article","og_title":"leti\u015fim Formu \u2013 Sorular\u0131n\u0131z\u0131 bize memnuniyetle iletebilirsiniz","og_description":"\u015eimdi bizimle \u00fccretsiz ve taahh\u00fcts\u00fcz ileti\u015fime ge\u00e7in. Soru ve taleplerinizi en k\u0131sa s\u00fcrede yan\u0131tlayaca\u011f\u0131z.","og_url":"https:\/\/www.sprachschule-aktiv-mannheim.de\/tr\/iletisim\/","og_site_name":"Sprachschule Aktiv Mannheim","article_modified_time":"2025-04-24T11:08:42+00:00","twitter_card":"summary_large_image","twitter_misc":{"Tahmini okuma s\u00fcresi":"1 dakika"},"schema":{"@context":"https:\/\/schema.org","@graph":[{"@type":"WebPage","@id":"https:\/\/www.sprachschule-aktiv-mannheim.de\/tr\/iletisim\/","url":"https:\/\/www.sprachschule-aktiv-mannheim.de\/tr\/iletisim\/","name":"leti\u015fim Formu \u2013 Sorular\u0131n\u0131z\u0131 bize memnuniyetle iletebilirsiniz","isPartOf":{"@id":"https:\/\/www.sprachschule-aktiv-mannheim.de\/#website"},"datePublished":"2021-01-25T13:04:18+00:00","dateModified":"2025-04-24T11:08:42+00:00","description":"\u015eimdi bizimle \u00fccretsiz ve taahh\u00fcts\u00fcz ileti\u015fime ge\u00e7in. Soru ve taleplerinizi en k\u0131sa s\u00fcrede yan\u0131tlayaca\u011f\u0131z.","breadcrumb":{"@id":"https:\/\/www.sprachschule-aktiv-mannheim.de\/tr\/iletisim\/#breadcrumb"},"inLanguage":"tr","potentialAction":[{"@type":"ReadAction","target":["https:\/\/www.sprachschule-aktiv-mannheim.de\/tr\/iletisim\/"]}]},{"@type":"BreadcrumbList","@id":"https:\/\/www.sprachschule-aktiv-mannheim.de\/tr\/iletisim\/#breadcrumb","itemListElement":[{"@type":"ListItem","position":1,"name":"Startseite","item":"https:\/\/www.sprachschule-aktiv-mannheim.de\/tr\/"},{"@type":"ListItem","position":2,"name":"\u0130leti\u015fim Formu \u2013 Sprachschule Aktiv"}]},{"@type":"WebSite","@id":"https:\/\/www.sprachschule-aktiv-mannheim.de\/#website","url":"https:\/\/www.sprachschule-aktiv-mannheim.de\/","name":"Sprachschule Aktiv Mannheim","description":"","potentialAction":[{"@type":"SearchAction","target":{"@type":"EntryPoint","urlTemplate":"https:\/\/www.sprachschule-aktiv-mannheim.de\/?s={search_term_string}"},"query-input":{"@type":"PropertyValueSpecification","valueRequired":true,"valueName":"search_term_string"}}],"inLanguage":"tr"}]}},"_links":{"self":[{"href":"https:\/\/www.sprachschule-aktiv-mannheim.de\/tr\/wp-json\/wp\/v2\/pages\/1649","targetHints":{"allow":["GET"]}}],"collection":[{"href":"https:\/\/www.sprachschule-aktiv-mannheim.de\/tr\/wp-json\/wp\/v2\/pages"}],"about":[{"href":"https:\/\/www.sprachschule-aktiv-mannheim.de\/tr\/wp-json\/wp\/v2\/types\/page"}],"author":[{"embeddable":true,"href":"https:\/\/www.sprachschule-aktiv-mannheim.de\/tr\/wp-json\/wp\/v2\/users\/1"}],"replies":[{"embeddable":true,"href":"https:\/\/www.sprachschule-aktiv-mannheim.de\/tr\/wp-json\/wp\/v2\/comments?post=1649"}],"version-history":[{"count":2,"href":"https:\/\/www.sprachschule-aktiv-mannheim.de\/tr\/wp-json\/wp\/v2\/pages\/1649\/revisions"}],"predecessor-version":[{"id":1653,"href":"https:\/\/www.sprachschule-aktiv-mannheim.de\/tr\/wp-json\/wp\/v2\/pages\/1649\/revisions\/1653"}],"wp:attachment":[{"href":"https:\/\/www.sprachschule-aktiv-mannheim.de\/tr\/wp-json\/wp\/v2\/media?parent=1649"}],"curies":[{"name":"wp","href":"https:\/\/api.w.org\/{rel}","templated":true}]}}