{"id":1621,"date":"2021-01-25T13:29:29","date_gmt":"2021-01-25T12:29:29","guid":{"rendered":"https:\/\/www.sprachschule-aktiv-mannheim.de\/home\/"},"modified":"2025-04-24T13:19:01","modified_gmt":"2025-04-24T11:19:01","slug":"home","status":"publish","type":"page","link":"https:\/\/www.sprachschule-aktiv-mannheim.de\/tr\/","title":{"rendered":"Home"},"content":{"rendered":"<p>[vc_row full_width=&#8221;stretch_row_content_no_spaces&#8221; content_placement=&#8221;middle&#8221; css=&#8221;.vc_custom_1696920786102{margin-bottom: 20px !important;background-color: #efedee !important;background-position: 0 0 !important;background-repeat: repeat !important;}&#8221;][vc_column width=&#8221;1\/2&#8243;][vc_single_image image=&#8221;1642&#8243; img_size=&#8221;full&#8221;][\/vc_column][vc_column width=&#8221;1\/2&#8243;][vc_column_text]<\/p>\n<div class=\"slidetitel\">Ho\u015f geldiniz<\/div>\n<p>[\/vc_column_text][vc_column_text]<\/p>\n<p style=\"text-align: center; font-size: 40px; margin-top: 15px;\">Aktiv dil okuluna<\/p>\n<p>[\/vc_column_text]\t<div class=\"vc_btn3-container vc_btn3-center\">\n\t\t<a href=\"https:\/\/www.sprachschule-aktiv-mannheim.de\/deutsch-lernen\/\" class=\"pgs_btn pgs_btn_style_1 pgs_btn_xl\">\n\t\t\t<span>\n\t\t\t\tALMANCA KURSLARI\t\t\t<\/span>\n\t\t\t\t\t\t<i class=\"fas fa-angle-double-right\"><\/i>\n\t\t\t\t\t<\/a>\n\t<\/div>\n\t\t<div class=\"vc_btn3-container vc_btn3-center\">\n\t\t<a href=\"https:\/\/www.sprachschule-aktiv-mannheim.de\/sprachkurse-mannheim\/\" class=\"pgs_btn pgs_btn_style_1 pgs_btn_xl\">\n\t\t\t<span>\n\t\t\t\tYABANCI DILLER\t\t\t<\/span>\n\t\t\t\t\t\t<i class=\"fas fa-angle-double-right\"><\/i>\n\t\t\t\t\t<\/a>\n\t<\/div>\n\t[\/vc_column][\/vc_row][vc_row css=&#8221;.vc_custom_1745492649906{margin-top: 40px !important;margin-bottom: 20px !important;}&#8221;][vc_column][vc_column_text]<\/p>\n<h1>Sprachschule Mannheim &#8211; Almanca ve yabanc\u0131 dil \u00f6\u011frenin &#8211; Dil kurslar\u0131<\/h1>\n<p>Mannheim&#8217;daki Aktiv dil okuluna ho\u015f geldiniz. Almanca ve di\u011fer bir\u00e7ok yabanc\u0131 dil i\u00e7in uygun fiyatl\u0131 dil kurslar\u0131 sunuyoruz. K\u00fc\u00e7\u00fck gruplar halinde ve g\u00fcvenilir orta\u011f\u0131n\u0131z olarak yan\u0131n\u0131zday\u0131z, istedi\u011finiz dili etkili bir \u015fekilde \u00f6\u011freneceksiniz. Dil \u00f6\u011fretmenlerimiz, kelimeleri do\u011fru anlayana kadar pratik yapman\u0131za yard\u0131mc\u0131 olacakt\u0131r.[\/vc_column_text][vc_row_inner][vc_column_inner width=&#8221;1\/2&#8243;][vc_video link=&#8221;https:\/\/youtu.be\/NLkzkz_Ld5c&#8221;][\/vc_column_inner][vc_column_inner width=&#8221;1\/2&#8243;][vc_column_text]<\/p>\n<h2>Hangi dili \u00f6\u011frenmek istiyorsunuz? &#8211; Mannheim&#8217;daki dil kurslar\u0131m\u0131z<\/h2>\n<p>Mannheim&#8217;daki dil okulumuzda Almanca&#8217;n\u0131n yan\u0131 s\u0131ra \u00e7ok \u00e7e\u015fitli yabanc\u0131 diller \u00f6\u011frenebilirsiniz. Ba\u015flaman\u0131z i\u00e7in size \u00fccretsiz bir deneme dersi sunuyoruz.<\/p>\n<p>Ve hangi dil seviyesinde ba\u015flayaca\u011f\u0131n\u0131zdan emin de\u011filseniz, istedi\u011finiz dilde bir seviye belirleme s\u0131nav\u0131na girin![\/vc_column_text]\t<div class=\"vc_btn3-container vc_btn3-inline\">\n\t\t<a href=\"https:\/\/www.sprachschule-aktiv-mannheim.de\/tr\/iletisim\/\" class=\"pgs_btn pgs_btn_style_1 pgs_btn_lg\">\n\t\t\t<span>\n\t\t\t\tBizimle ileti\u015fime ge\u00e7in\t\t\t<\/span>\n\t\t\t\t\t\t<i class=\"fas fa-angle-double-right\"><\/i>\n\t\t\t\t\t<\/a>\n\t<\/div>\n\t[\/vc_column_inner][\/vc_row_inner][\/vc_column][\/vc_row][vc_row full_width=&#8221;stretch_row&#8221; css=&#8221;.vc_custom_1611578431899{padding-top: 20px !important;background-color: #f8f8f8 !important;}&#8221;][vc_column][vc_column_text]<\/p>\n<h2>\u015eirketler i\u00e7in dil kurslar\u0131<\/h2>\n<p>\u015eirketler i\u00e7in de uygun \u015firket kurslar\u0131 sunuyoruz. \u0130ster kendi \u015firket binan\u0131zda ister Mannheim&#8217;daki dil okulumuzda aktif olarak organize edilen derslerde, sizin i\u00e7in do\u011fru kursu bulacaks\u0131n\u0131z. \u00c7al\u0131\u015fanlar\u0131n\u0131z\u0131n grup kurslar\u0131nda m\u0131 yoksa \u00f6zel derslerde mi \u00f6\u011frenim g\u00f6rece\u011fine siz karar verirsiniz.[\/vc_column_text][vc_row_inner][vc_column_inner width=&#8221;1\/2&#8243;][vc_column_text]<div class=\"BorlabsCookie _brlbs-cb-youtube\"><div class=\"_brlbs-content-blocker\"> <div class=\"_brlbs-embed _brlbs-video-youtube\"> <img class=\"_brlbs-thumbnail\" src=\"https:\/\/www.sprachschule-aktiv-mannheim.de\/wp-content\/plugins\/borlabs-cookie\/assets\/images\/cb-no-thumbnail.png\" alt=\"YouTube\"> <div class=\"_brlbs-caption\"> <p>Mit dem Laden des Videos akzeptieren Sie die Datenschutzerkl\u00e4rung von YouTube.<br><a href=\"https:\/\/policies.google.com\/privacy\" target=\"_blank\" rel=\"nofollow noopener noreferrer\">Mehr erfahren<\/a><\/p> <p><a class=\"_brlbs-btn _brlbs-icon-play-white\" href=\"#\" data-borlabs-cookie-unblock role=\"button\">Video laden<\/a><\/p> <p><label><input type=\"checkbox\" name=\"unblockAll\" value=\"1\" checked> <small>YouTube immer entsperren<\/small><\/label><\/p> <\/div> <\/div> <\/div><div class=\"borlabs-hide\" data-borlabs-cookie-type=\"content-blocker\" data-borlabs-cookie-id=\"youtube\"><script type=\"text\/template\">PGlmcmFtZSB0aXRsZT0iWW91VHViZSB2aWRlbyBwbGF5ZXIiIHNyYz0iaHR0cHM6Ly93d3cueW91dHViZS1ub2Nvb2tpZS5jb20vZW1iZWQvbXFveWlLcndyVXMiIHdpZHRoPSI1NjAiIGhlaWdodD0iMzE1IiBmcmFtZWJvcmRlcj0iMCIgYWxsb3dmdWxsc2NyZWVuPSJhbGxvd2Z1bGxzY3JlZW4iPjwvaWZyYW1lPg==<\/script><\/div><\/div>[\/vc_column_text][\/vc_column_inner][vc_column_inner width=&#8221;1\/2&#8243;][vc_single_image image=&#8221;1622&#8243; img_size=&#8221;full&#8221; alignment=&#8221;center&#8221; style=&#8221;vc_box_outline&#8221;][\/vc_column_inner][\/vc_row_inner][vc_column_text]<\/p>\n<h2>Mannheim&#8217;deki Tatil kurslar\u0131<\/h2>\n<p>Dil becerilerinizi bir tatil kursunda geli\u015ftirmek istiyorsan\u0131z, tatillerde dil kurslar\u0131 sunuyoruz. Pedagojik olarak e\u011fitilmi\u015f anadili \u0130ngilizce olan ki\u015filerle birlikte h\u0131zl\u0131 ve ama\u00e7l\u0131 bir \u015fekilde \u00f6\u011freneceksiniz.<\/p>\n<h2>Yeni ba\u015flayanlar ve ileri seviyedekiler i\u00e7in dil kurslar\u0131 &#8211; A1&#8217;den C2&#8217;ye<\/h2>\n<p>Mannheim&#8217;daki dil okulumuzda, Avrupa Dil Referans \u00c7er\u00e7evesi&#8217;ne g\u00f6re herhangi bir dili \u00f6\u011frenebilirsiniz. A1 seviyesindeki kurslarla yeni ba\u015flayan biri olarak ba\u015flayabilir ve C2 seviyesine kadar \u00f6\u011frenebilirsiniz. Bu seviyede, dil becerileriniz neredeyse anadili \u0130ngilizce olan birininki kadar m\u00fckemmel olacakt\u0131r. Dili hangi seviyeye kadar \u00f6\u011frenmek istedi\u011finize siz karar verirsiniz. A\u00e7\u0131k avantaj\u0131, dil kursunuza ba\u015fka bir dil okulunda devam edebilmenizdir.<\/p>\n<p>Kat\u0131l\u0131mc\u0131lar\u0131m\u0131z \u00e7ok farkl\u0131 ba\u015flang\u0131\u00e7 ko\u015fullar\u0131na sahip oldu\u011fundan, size \u00fccretsiz bir seviye belirleme s\u0131nav\u0131 sunuyoruz. Bu sayede yurtd\u0131\u015f\u0131nda uzun s\u00fcre kald\u0131ktan sonra hangi seviyede oldu\u011funuzu \u00f6\u011frenebiliyoruz. Ya da arkada\u015flar\u0131n\u0131zla ve meslekta\u015flar\u0131n\u0131zla ileti\u015fim kurarak zaten ileri d\u00fczeyde bir ba\u015flang\u0131\u00e7 seviyesinde olup olmad\u0131\u011f\u0131n\u0131z\u0131. \u0130stedi\u011finiz dil i\u00e7in online bir seviye tespit s\u0131nav\u0131 mevcut olmasa bile, dil \u00f6\u011fretmenlerimiz taraf\u0131ndan de\u011ferlendirilebilirsiniz.[\/vc_column_text][\/vc_column][\/vc_row][vc_row css=&#8221;.vc_custom_1611578742593{margin-bottom: 20px !important;padding-top: 20px !important;}&#8221;][vc_column][vc_column_text]<\/p>\n<h2>Yo\u011fun, \u00f6zel veya ak\u015fam kurslar\u0131nda \u0130ngilizce, Almanca, \u0130spanyolca \u00f6\u011frenin<\/h2>\n<p>Farkl\u0131 kurs formatlar\u0131 sunuyoruz. Yava\u015f ba\u015flamak istiyorsan\u0131z, bir ak\u015fam kursu se\u00e7in. K\u00fc\u00e7\u00fck gruplarda, her kat\u0131l\u0131mc\u0131 aktif olarak kat\u0131labilir ve b\u00f6ylece istenen dili daha da kolay \u00f6\u011frenebilir.<\/p>\n<p>Daha h\u0131zl\u0131 ilerleme kaydetmek istiyorsan\u0131z, yo\u011fun bir kurs se\u00e7in. \u0130ster Almanca, \u0130ngilizce, \u0130spanyolca, \u0130talyanca veya Frans\u0131zca olsun, se\u00e7ti\u011finiz dili sabahlar\u0131 profesyonel dil \u00f6\u011fretmenleriyle \u00f6\u011frenebilirsiniz. E\u011fer i\u015finiz nedeniyle sadece ak\u015famlar\u0131 kat\u0131labiliyorsan\u0131z, bir ak\u015fam kursu se\u00e7in. Bu da h\u0131zl\u0131 ba\u015far\u0131 getirir ve i\u015f g\u00fcn\u00fcn\u00fcze kolayca entegre edilebilir.<\/p>\n<p>Dil \u00f6\u011frenirken bireyselle\u015ftirilmi\u015f bire bir destek istiyorsan\u0131z, \u00f6zel dersleri se\u00e7in. \u00c7ok \u00e7e\u015fitli dillerde dil \u00f6\u011fretmenlerinden olu\u015fan geni\u015f listemiz sayesinde sizin i\u00e7in do\u011fru \u00f6\u011fretmeni bulabiliriz. M\u00fcfredat\u0131 d\u00fczenlemek i\u00e7in sizinle birlikte \u00e7al\u0131\u015facaklar ve derslerin nerede ve ne zaman yap\u0131laca\u011f\u0131na siz karar vereceksiniz. Her \u015fey ki\u015fisel isteklerinize g\u00f6re!<\/p>\n<h2>Mannheim Dil Okulu ve dil ba\u015far\u0131s\u0131 i\u00e7in motive olmu\u015f \u00f6\u011fretmenlerimiz<\/h2>\n<p>[\/vc_column_text][vc_row_inner][vc_column_inner width=&#8221;1\/2&#8243;][vc_single_image image=&#8221;1623&#8243; img_size=&#8221;full&#8221; alignment=&#8221;center&#8221; style=&#8221;vc_box_outline&#8221;][\/vc_column_inner][vc_column_inner width=&#8221;1\/2&#8243;][vc_column_text]Bizimle, herhangi biri taraf\u0131ndan e\u011fitilmeyeceksiniz. Hem grup formatlar\u0131m\u0131zda hem de \u00f6zel derslerde y\u00fcksek d\u00fczeyde profesyonelli\u011fi vurguluyoruz. Nitelikli ve her \u015feyden \u00f6nce deneyimli \u00f6\u011fretmenlerimiz pedagojik e\u011fitim alm\u0131\u015f anadili \u0130ngilizce olan ki\u015filerdir. Bizimle \u00e7al\u0131\u015fman\u0131n bir di\u011fer \u00f6n ko\u015fulu da arkada\u015f canl\u0131s\u0131 ve cana yak\u0131n bir tav\u0131rd\u0131r. Sonu\u00e7ta, \u00f6\u011frenmekten keyif alman\u0131z\u0131 istiyoruz. Sizin ve dil \u00f6\u011fretmeninizin iyi bir e\u015fle\u015fme olup olmad\u0131\u011f\u0131n\u0131 \u00f6\u011frenmek i\u00e7in sizinle konu\u015faca\u011f\u0131z.[\/vc_column_text]\t<div class=\"vc_btn3-container vc_btn3-inline\">\n\t\t<a href=\"https:\/\/www.sprachschule-aktiv-mannheim.de\/tr\/iletisim\/\" class=\"pgs_btn pgs_btn_style_1 pgs_btn_lg\">\n\t\t\t<span>\n\t\t\t\tSorusu olan?\t\t\t<\/span>\n\t\t\t\t\t\t<i class=\"fas fa-angle-double-right\"><\/i>\n\t\t\t\t\t<\/a>\n\t<\/div>\n\t[\/vc_column_inner][\/vc_row_inner][\/vc_column][\/vc_row][vc_row full_width=&#8221;stretch_row&#8221; css=&#8221;.vc_custom_1611578794559{padding-top: 20px !important;background-color: #f8f8f8 !important;}&#8221;][vc_column][vc_column_text]<\/p>\n<h2>Fiyat kar\u015f\u0131la\u015ft\u0131rmas\u0131 &#8211; Mannheim \u015fehrindeki ucuz dil kurslar\u0131n\u0131 ke\u015ffedin<\/h2>\n<p>Fiyatlar\u0131m\u0131za bir g\u00f6z at\u0131n. Kurslar\u0131m\u0131z\u0131n ne kadar uygun fiyatl\u0131 oldu\u011funa \u015fa\u015f\u0131racaks\u0131n\u0131z. Pazartesiden cumaya 4 haftal\u0131k yo\u011fun bir kursu 499,00 Euro gibi d\u00fc\u015f\u00fck bir fiyata rezerve edebilirsiniz.<\/p>\n<p>\u00d6zel derslerimiz i\u00e7in \u015fu ge\u00e7erlidir: Ba\u015flang\u0131\u00e7tan itibaren ne kadar \u00e7ok \u00f6\u011frenme birimi i\u00e7in rezervasyon yaparsan\u0131z, saatlik \u00fccret o kadar ucuz olacakt\u0131r. Ayr\u0131ca bir arkada\u015f\u0131n\u0131z\u0131 bu kursa davet edebilir ve fazladan bir euro \u00f6demeyebilirsiniz.<\/p>\n<h2>Y\u00fck\u00fcml\u00fcl\u00fck olmadan test edin ve risk almadan \u00f6\u011frenin &#8211; Sprachschule Mannheim orta\u011f\u0131n\u0131zd\u0131r<\/h2>\n<p>Sprachschule Mannheim&#8217;da yabanc\u0131 dil veya Almanca kurslar\u0131m\u0131zdan birine kat\u0131ld\u0131\u011f\u0131n\u0131zda hi\u00e7bir risk almazs\u0131n\u0131z. Hi\u00e7bir y\u00fck\u00fcml\u00fcl\u00fck alt\u0131na girmeden bizi deneyin. Kursun size uygun olup olmad\u0131\u011f\u0131na ilk dersten sonra karar verebilirsiniz. E\u011fer bu do\u011fru bir karar de\u011filse, ba\u015fka bir y\u00fck\u00fcml\u00fcl\u00fck alt\u0131na girmeden kurstan \u00e7ekilebilirsiniz. Kurs \u00fccreti elbette iade edilecektir. L\u00fctfen genel h\u00fck\u00fcm ve ko\u015fullar\u0131m\u0131za dikkat edin.<\/p>\n<h2>Mannheim&#8217;daki dil okulumuzu nerede bulabilirsiniz?<\/h2>\n<p>Dil okulumuz, iyi ula\u015f\u0131m ba\u011flant\u0131lar\u0131na sahip merkezi bir konumdad\u0131r. Adresimiz<br \/>\nQ4, 9<br \/>\n68161 Mannheim<\/p>\n<p>R5, 14-17&#8217;deki B&amp;B \u00e7ok katl\u0131 otopark\u0131nda park olanaklar\u0131 bulacaks\u0131n\u0131z ve en b\u00fcy\u00fck ve en modern al\u0131\u015fveri\u015f merkezlerinden biri olan \u201cDas Quartier\u201d hemen k\u00f6\u015feyi d\u00f6n\u00fcnce Q7, 23&#8217;te.<br \/>\nQ4, 6-8&#8217;deki do\u011frudan kom\u015fumuz Royal Donuts&#8217;ta dil kursunuzdan \u00f6nce veya sonra kendinize lezzetli bir \u00e7\u00f6rek \u0131smarlayabilirsiniz.<\/p>\n<div class=\"BorlabsCookie _brlbs-cb-googlemaps\"><div class=\"_brlbs-content-blocker\"> <div class=\"_brlbs-embed _brlbs-google-maps\"> <img class=\"_brlbs-thumbnail\" src=\"https:\/\/www.sprachschule-aktiv-mannheim.de\/wp-content\/plugins\/borlabs-cookie\/assets\/images\/cb-maps.png\" alt=\"Google Maps\"> <div class=\"_brlbs-caption\"> <p>Mit dem Laden der Karte akzeptieren Sie die Datenschutzerkl\u00e4rung von Google.<br><a href=\"https:\/\/policies.google.com\/privacy\" target=\"_blank\" rel=\"nofollow noopener noreferrer\">Mehr erfahren<\/a><\/p> <p><a class=\"_brlbs-btn\" href=\"#\" data-borlabs-cookie-unblock role=\"button\">Karte laden<\/a><\/p> <p><label><input type=\"checkbox\" name=\"unblockAll\" value=\"1\" checked> <small>Google Maps immer entsperren<\/small><\/label><\/p> <\/div> <\/div> <\/div><div class=\"borlabs-hide\" data-borlabs-cookie-type=\"content-blocker\" data-borlabs-cookie-id=\"googlemaps\"><script type=\"text\/template\">PHA+PGlmcmFtZSBzdHlsZT0iYm9yZGVyOiAwOyIgdGl0bGU9IlNwcmFjaHNjaHVsZSBBa3RpdiBNYW5uaGVpbSIgc3JjPSJodHRwczovL3d3dy5nb29nbGUuY29tL21hcHMvZW1iZWQ\/cGI9ITFtMTghMW0xMiExbTMhMWQyNTkxLjgyMzU4ODAxMjkxNzghMmQ4LjQ2ODE3MDUxNjA3MDQwOCEzZDQ5LjQ4NzgzOTI3OTM1NDE1NSEybTMhMWYwITJmMCEzZjAhM20yITFpMTAyNCEyaTc2OCE0ZjEzLjEhM20zITFtMiExczB4NDc5N2NjMjNmY2Y0M2UxZiUzQTB4NTIxM2E1MzczZDMyODkzMCEyc1E0JTIwOSUyQyUyMDY4MTYxJTIwTWFubmhlaW0hNWUwITNtMiExc2RlITJzZGUhNHYxNjIyMTg3MjkyNDM0ITVtMiExc2RlITJzZGUiIHdpZHRoPSIxMDAlIiBoZWlnaHQ9IjM1MCIgYWxsb3dmdWxsc2NyZWVuPSJhbGxvd2Z1bGxzY3JlZW4iPjwvaWZyYW1lPg==<\/script><\/div><\/div>[\/vc_column_text][\/vc_column][\/vc_row]<\/p>\n","protected":false},"excerpt":{"rendered":"<p>[vc_row full_width=&#8221;stretch_row_content_no_spaces&#8221; content_placement=&#8221;middle&#8221; css=&#8221;.vc_custom_1696920786102{margin-bottom: 20px !important;background-color: #efedee !important;background-position: 0 0 !important;background-repeat: repeat !important;}&#8221;][vc_column width=&#8221;1\/2&#8243;][vc_single_image image=&#8221;1642&#8243; img_size=&#8221;full&#8221;][\/vc_column][vc_column width=&#8221;1\/2&#8243;][vc_column_text] Ho\u015f geldiniz [\/vc_column_text][vc_column_text] Aktiv dil okuluna [\/vc_column_text][\/vc_column][\/vc_row][vc_row css=&#8221;.vc_custom_1745492649906{margin-top: 40px !important;margin-bottom: 20px !important;}&#8221;][vc_column][vc_column_text] Sprachschule Mannheim &#8211; Almanca ve yabanc\u0131 dil \u00f6\u011frenin &#8211; Dil kurslar\u0131 Mannheim&#8217;daki Aktiv dil okuluna ho\u015f geldiniz. Almanca ve di\u011fer bir\u00e7ok yabanc\u0131 dil i\u00e7in uygun fiyatl\u0131&hellip; <a class=\"read-more\" href=\"https:\/\/www.sprachschule-aktiv-mannheim.de\/tr\/\" title=\"Read Home\">Read more &raquo;<\/a><\/p>\n","protected":false},"author":1,"featured_media":0,"parent":0,"menu_order":0,"comment_status":"closed","ping_status":"closed","template":"","meta":{"footnotes":""},"class_list":["post-1621","page","type-page","status-publish","hentry"],"yoast_head":"<!-- This site is optimized with the Yoast SEO plugin v27.1.1 - https:\/\/yoast.com\/product\/yoast-seo-wordpress\/ -->\n<title>Sprachschule Mannheim \u2013 Deutsch &amp; Fremdsprachen lernen<\/title>\n<meta name=\"description\" content=\"Sprachschule Aktiv Mannheim: Mehr als 33 Sprachen zur Auswahl. Deutsch &amp; Fremdsprachen lernen in Kleingruppen. Gratis Probestunde!\" \/>\n<meta name=\"robots\" content=\"index, follow, max-snippet:-1, max-image-preview:large, max-video-preview:-1\" \/>\n<link rel=\"canonical\" href=\"https:\/\/www.sprachschule-aktiv-mannheim.de\/tr\/\" \/>\n<meta property=\"og:locale\" content=\"tr_TR\" \/>\n<meta property=\"og:type\" content=\"article\" \/>\n<meta property=\"og:title\" content=\"Sprachschule Mannheim \u2013 Deutsch &amp; Fremdsprachen lernen\" \/>\n<meta property=\"og:description\" content=\"Sprachschule Aktiv Mannheim: Mehr als 33 Sprachen zur Auswahl. Deutsch &amp; Fremdsprachen lernen in Kleingruppen. Gratis Probestunde!\" \/>\n<meta property=\"og:url\" content=\"https:\/\/www.sprachschule-aktiv-mannheim.de\/tr\/\" \/>\n<meta property=\"og:site_name\" content=\"Sprachschule Aktiv Mannheim\" \/>\n<meta property=\"article:modified_time\" content=\"2025-04-24T11:19:01+00:00\" \/>\n<meta name=\"twitter:card\" content=\"summary_large_image\" \/>\n<meta name=\"twitter:label1\" content=\"Tahmini okuma s\u00fcresi\" \/>\n\t<meta name=\"twitter:data1\" content=\"5 dakika\" \/>\n<script type=\"application\/ld+json\" class=\"yoast-schema-graph\">{\"@context\":\"https:\/\/schema.org\",\"@graph\":[{\"@type\":\"WebPage\",\"@id\":\"https:\/\/www.sprachschule-aktiv-mannheim.de\/tr\/\",\"url\":\"https:\/\/www.sprachschule-aktiv-mannheim.de\/tr\/\",\"name\":\"Sprachschule Mannheim \u2013 Deutsch & Fremdsprachen lernen\",\"isPartOf\":{\"@id\":\"https:\/\/www.sprachschule-aktiv-mannheim.de\/#website\"},\"datePublished\":\"2021-01-25T12:29:29+00:00\",\"dateModified\":\"2025-04-24T11:19:01+00:00\",\"description\":\"Sprachschule Aktiv Mannheim: Mehr als 33 Sprachen zur Auswahl. Deutsch & Fremdsprachen lernen in Kleingruppen. Gratis Probestunde!\",\"breadcrumb\":{\"@id\":\"https:\/\/www.sprachschule-aktiv-mannheim.de\/tr\/#breadcrumb\"},\"inLanguage\":\"tr\",\"potentialAction\":[{\"@type\":\"ReadAction\",\"target\":[\"https:\/\/www.sprachschule-aktiv-mannheim.de\/tr\/\"]}]},{\"@type\":\"BreadcrumbList\",\"@id\":\"https:\/\/www.sprachschule-aktiv-mannheim.de\/tr\/#breadcrumb\",\"itemListElement\":[{\"@type\":\"ListItem\",\"position\":1,\"name\":\"Startseite\",\"item\":\"https:\/\/www.sprachschule-aktiv-mannheim.de\/tr\/\"},{\"@type\":\"ListItem\",\"position\":2,\"name\":\"Home\"}]},{\"@type\":\"WebSite\",\"@id\":\"https:\/\/www.sprachschule-aktiv-mannheim.de\/#website\",\"url\":\"https:\/\/www.sprachschule-aktiv-mannheim.de\/\",\"name\":\"Sprachschule Aktiv Mannheim\",\"description\":\"\",\"potentialAction\":[{\"@type\":\"SearchAction\",\"target\":{\"@type\":\"EntryPoint\",\"urlTemplate\":\"https:\/\/www.sprachschule-aktiv-mannheim.de\/?s={search_term_string}\"},\"query-input\":{\"@type\":\"PropertyValueSpecification\",\"valueRequired\":true,\"valueName\":\"search_term_string\"}}],\"inLanguage\":\"tr\"}]}<\/script>\n<!-- \/ Yoast SEO plugin. -->","yoast_head_json":{"title":"Sprachschule Mannheim \u2013 Deutsch & Fremdsprachen lernen","description":"Sprachschule Aktiv Mannheim: Mehr als 33 Sprachen zur Auswahl. Deutsch & Fremdsprachen lernen in Kleingruppen. Gratis Probestunde!","robots":{"index":"index","follow":"follow","max-snippet":"max-snippet:-1","max-image-preview":"max-image-preview:large","max-video-preview":"max-video-preview:-1"},"canonical":"https:\/\/www.sprachschule-aktiv-mannheim.de\/tr\/","og_locale":"tr_TR","og_type":"article","og_title":"Sprachschule Mannheim \u2013 Deutsch & Fremdsprachen lernen","og_description":"Sprachschule Aktiv Mannheim: Mehr als 33 Sprachen zur Auswahl. Deutsch & Fremdsprachen lernen in Kleingruppen. Gratis Probestunde!","og_url":"https:\/\/www.sprachschule-aktiv-mannheim.de\/tr\/","og_site_name":"Sprachschule Aktiv Mannheim","article_modified_time":"2025-04-24T11:19:01+00:00","twitter_card":"summary_large_image","twitter_misc":{"Tahmini okuma s\u00fcresi":"5 dakika"},"schema":{"@context":"https:\/\/schema.org","@graph":[{"@type":"WebPage","@id":"https:\/\/www.sprachschule-aktiv-mannheim.de\/tr\/","url":"https:\/\/www.sprachschule-aktiv-mannheim.de\/tr\/","name":"Sprachschule Mannheim \u2013 Deutsch & Fremdsprachen lernen","isPartOf":{"@id":"https:\/\/www.sprachschule-aktiv-mannheim.de\/#website"},"datePublished":"2021-01-25T12:29:29+00:00","dateModified":"2025-04-24T11:19:01+00:00","description":"Sprachschule Aktiv Mannheim: Mehr als 33 Sprachen zur Auswahl. Deutsch & Fremdsprachen lernen in Kleingruppen. Gratis Probestunde!","breadcrumb":{"@id":"https:\/\/www.sprachschule-aktiv-mannheim.de\/tr\/#breadcrumb"},"inLanguage":"tr","potentialAction":[{"@type":"ReadAction","target":["https:\/\/www.sprachschule-aktiv-mannheim.de\/tr\/"]}]},{"@type":"BreadcrumbList","@id":"https:\/\/www.sprachschule-aktiv-mannheim.de\/tr\/#breadcrumb","itemListElement":[{"@type":"ListItem","position":1,"name":"Startseite","item":"https:\/\/www.sprachschule-aktiv-mannheim.de\/tr\/"},{"@type":"ListItem","position":2,"name":"Home"}]},{"@type":"WebSite","@id":"https:\/\/www.sprachschule-aktiv-mannheim.de\/#website","url":"https:\/\/www.sprachschule-aktiv-mannheim.de\/","name":"Sprachschule Aktiv Mannheim","description":"","potentialAction":[{"@type":"SearchAction","target":{"@type":"EntryPoint","urlTemplate":"https:\/\/www.sprachschule-aktiv-mannheim.de\/?s={search_term_string}"},"query-input":{"@type":"PropertyValueSpecification","valueRequired":true,"valueName":"search_term_string"}}],"inLanguage":"tr"}]}},"_links":{"self":[{"href":"https:\/\/www.sprachschule-aktiv-mannheim.de\/tr\/wp-json\/wp\/v2\/pages\/1621","targetHints":{"allow":["GET"]}}],"collection":[{"href":"https:\/\/www.sprachschule-aktiv-mannheim.de\/tr\/wp-json\/wp\/v2\/pages"}],"about":[{"href":"https:\/\/www.sprachschule-aktiv-mannheim.de\/tr\/wp-json\/wp\/v2\/types\/page"}],"author":[{"embeddable":true,"href":"https:\/\/www.sprachschule-aktiv-mannheim.de\/tr\/wp-json\/wp\/v2\/users\/1"}],"replies":[{"embeddable":true,"href":"https:\/\/www.sprachschule-aktiv-mannheim.de\/tr\/wp-json\/wp\/v2\/comments?post=1621"}],"version-history":[{"count":7,"href":"https:\/\/www.sprachschule-aktiv-mannheim.de\/tr\/wp-json\/wp\/v2\/pages\/1621\/revisions"}],"predecessor-version":[{"id":1668,"href":"https:\/\/www.sprachschule-aktiv-mannheim.de\/tr\/wp-json\/wp\/v2\/pages\/1621\/revisions\/1668"}],"wp:attachment":[{"href":"https:\/\/www.sprachschule-aktiv-mannheim.de\/tr\/wp-json\/wp\/v2\/media?parent=1621"}],"curies":[{"name":"wp","href":"https:\/\/api.w.org\/{rel}","templated":true}]}}