{"id":702,"date":"2021-01-26T08:40:34","date_gmt":"2021-01-26T07:40:34","guid":{"rendered":"https:\/\/www.sprachschule-aktiv-mannheim.de\/deutsch-intensivkurse\/"},"modified":"2025-04-24T13:23:49","modified_gmt":"2025-04-24T11:23:49","slug":"german-intensive-courses-mannheim","status":"publish","type":"page","link":"https:\/\/www.sprachschule-aktiv-mannheim.de\/en\/german-intensive-courses-mannheim\/","title":{"rendered":"German intensive courses in Mannheim \u2013 A1, A2, B1, B2, C1, C2"},"content":{"rendered":"<p>[vc_row][vc_column width=&#8221;1\/2&#8243;][vc_column_text]<strong>Sie m\u00f6chten Ihren Lebensmittelpunkt nach Deutschland verlegen oder haben dies bereits getan?<\/strong> Sie haben sich das Ziel gesetzt, in Deutschland zu arbeiten oder zu studieren? Dann lassen Sie sich durch unsere Intensivkurse f\u00fcr Deutsch in Mannheim auf Ihrem Weg zum beruflichen Gl\u00fcck begleiten! Muttersprachliche Deutschlehrer mit interaktiven und modernen Unterrichtsmethoden warten auf Sie.[\/vc_column_text][\/vc_column][vc_column width=&#8221;1\/2&#8243;][vc_column_text]<\/p>\n<figure id=\"attachment_115\" class=\"wp-caption alignnone\" ><img decoding=\"async\" class=\"wp-image-115 size-full\" src=\"https:\/\/www.sprachschule-aktiv-mannheim.de\/wp-content\/uploads\/2021\/02\/deutsch-intensivkurse-mannheim.jpg\" alt=\"Deutsch Intensivkurse in Mannheim\" width=\"344\" height=\"230\" srcset=\"https:\/\/www.sprachschule-aktiv-mannheim.de\/wp-content\/uploads\/2021\/02\/deutsch-intensivkurse-mannheim.jpg 344w, https:\/\/www.sprachschule-aktiv-mannheim.de\/wp-content\/uploads\/2021\/02\/deutsch-intensivkurse-mannheim-300x201.jpg 300w\" sizes=\"(max-width: 344px) 100vw, 344px\" \/><figcaption class=\"wp-caption-text\">Unsere Deutsch Intensivkurse in Mannheim von A1 bis C2<\/figcaption><\/figure>\n<p>[\/vc_column_text][vc_btn title=&#8221;Schnelle Anfrage!&#8221; color=&#8221;sky&#8221; size=&#8221;lg&#8221; link=&#8221;url:https%3A%2F%2Fwww.sprachschule-aktiv-mannheim.de%2Fen%2Fcontact-language-school-mannheim%2F|&#8221;][\/vc_column][\/vc_row][vc_row css=&#8221;.vc_custom_1696920638078{margin-top: 40px !important;}&#8221;][vc_column][vc_row_inner][vc_column_inner width=&#8221;1\/2&#8243;][vc_column_text]<iframe src=\"https:\/\/www.youtube.com\/embed\/54-5aCU96MM\" width=\"560\" height=\"315\" frameborder=\"0\" allowfullscreen=\"allowfullscreen\"><\/iframe>[\/vc_column_text][\/vc_column_inner][vc_column_inner width=&#8221;1\/2&#8243;][vc_column_text][\/vc_column_text][vc_btn title=&#8221;Jetzt Kurs buchen!&#8221; color=&#8221;sky&#8221; size=&#8221;lg&#8221; link=&#8221;url:https%3A%2F%2Fwww.sprachschule-aktiv-mannheim.de%2Fen%2Fregister-language-school-mannheim%2F|&#8221;][\/vc_column_inner][\/vc_row_inner][\/vc_column][\/vc_row][vc_row][vc_column][vc_column_text]<\/p>\n<h2>Was kosten die Deutsch Intensivkurse in Mannheim?<\/h2>\n<p><strong>Niveau:<\/strong> A1\/A2\/B1\/B2\/C1\/C2<\/p>\n<p><strong>Beginn:<\/strong> am ersten Montag des Monats (siehe Tabelle unten)<\/p>\n<p><strong>Wann:<\/strong> Montag bis Freitag &#8211; 09:00-12:00<\/p>\n<p><strong>Preise:<\/strong><\/p>\n<ul>\n<li>1 Woche: 349,-\u20ac<\/li>\n<li>2 Wochen: 399,-\u20ac<\/li>\n<li>3 Wochen: 449,-\u20ac<\/li>\n<li>4 Wochen (pro Monat): 499,-\u20ac<\/li>\n<\/ul>\n<p><strong>Kursdauer:\u00a0<\/strong>Jede Niveaustufe ist in zwei Module aufgeteilt. (z.B. A1.1 und A1.2 f\u00fcr A1)<br \/>\nSie ben\u00f6tigen pro Niveaustufe also acht Wochen. C1 und C2 dauern jeweils 12 Wochen.<\/p>\n<p><em>\u00a0<strong>Unsere Spezialangebote nur f\u00fcr kurze Zeit:<\/strong><\/em><\/p>\n<ul>\n<li><strong>\u00a0Spezialangebot: Intensivkurs 4 Monate: 1.796,00 \u20ac\u00a0 \u00a0<em>(200,00\u20ac Rabatt!)<\/em><\/strong><\/li>\n<li><strong>\u00a0Spezialangebot: Intensivkurs 2 Monate inkl. Telc Pr\u00fcfung &amp; Vorbereitung: 1.099,00 \u20ac\u00a0 \u00a0 <em>(150,00\u20ac Rabatt!)<\/em><\/strong><\/li>\n<\/ul>\n<p>\n<table id=\"tablepress-1\" class=\"tablepress tablepress-id-1\">\n<thead>\n<tr class=\"row-1\">\n\t<th class=\"column-1\">Deutsch Intensivkurs<\/th><th class=\"column-2\">Kursbeginn<\/th><th class=\"column-3\">Termine<\/th><th class=\"column-4\">Uhrzeiten<\/th>\n<\/tr>\n<\/thead>\n<tbody class=\"row-striping row-hover\">\n<tr class=\"row-2\">\n\t<td class=\"column-1\">Januar<\/td><td class=\"column-2\">05.01.2026\t<\/td><td class=\"column-3\">Montag bis Freitag<\/td><td class=\"column-4\">09:00 - 12:00 Uhr oder 18:00 - 21:00 Uhr<\/td>\n<\/tr>\n<tr class=\"row-3\">\n\t<td class=\"column-1\">Februar<\/td><td class=\"column-2\">02.02.2026\t<\/td><td class=\"column-3\">Montag bis Freitag<\/td><td class=\"column-4\">09:00 - 12:00 Uhr oder 18:00 - 21:00 Uhr<\/td>\n<\/tr>\n<tr class=\"row-4\">\n\t<td class=\"column-1\">M\u00e4rz<\/td><td class=\"column-2\">02.03.2026\t<\/td><td class=\"column-3\">Montag bis Freitag<\/td><td class=\"column-4\">09:00 - 12:00 Uhr oder 18:00 - 21:00 Uhr<\/td>\n<\/tr>\n<tr class=\"row-5\">\n\t<td class=\"column-1\">April<\/td><td class=\"column-2\">06.04.2026\t<\/td><td class=\"column-3\">Montag bis Freitag<\/td><td class=\"column-4\">09:00 - 12:00 Uhr oder 18:00 - 21:00 Uhr<\/td>\n<\/tr>\n<tr class=\"row-6\">\n\t<td class=\"column-1\">Mai<\/td><td class=\"column-2\">04.05.2026\t<\/td><td class=\"column-3\">Montag bis Freitag<\/td><td class=\"column-4\">09:00 - 12:00 Uhr oder 18:00 - 21:00 Uhr<\/td>\n<\/tr>\n<tr class=\"row-7\">\n\t<td class=\"column-1\">Juni<\/td><td class=\"column-2\">01.06.2026\t<\/td><td class=\"column-3\">Montag bis Freitag<\/td><td class=\"column-4\">09:00 - 12:00 Uhr oder 18:00 - 21:00 Uhr<\/td>\n<\/tr>\n<tr class=\"row-8\">\n\t<td class=\"column-1\">Juli<\/td><td class=\"column-2\">06.07.2026\t<\/td><td class=\"column-3\">Montag bis Freitag<\/td><td class=\"column-4\">09:00 - 12:00 Uhr oder 18:00 - 21:00 Uhr<\/td>\n<\/tr>\n<tr class=\"row-9\">\n\t<td class=\"column-1\">August<\/td><td class=\"column-2\">03.08.2026<\/td><td class=\"column-3\">Montag bis Freitag<\/td><td class=\"column-4\">09:00 - 12:00 Uhr oder 18:00 - 21:00 Uhr<\/td>\n<\/tr>\n<tr class=\"row-10\">\n\t<td class=\"column-1\">September<\/td><td class=\"column-2\">31.08.2026\t<\/td><td class=\"column-3\">Montag bis Freitag<\/td><td class=\"column-4\">09:00 - 12:00 Uhr oder 18:00 - 21:00 Uhr<\/td>\n<\/tr>\n<tr class=\"row-11\">\n\t<td class=\"column-1\">Oktober<\/td><td class=\"column-2\">28.09.2026\t<\/td><td class=\"column-3\">Montag bis Freitag<\/td><td class=\"column-4\">09:00 - 12:00 Uhr oder 18:00 - 21:00 Uhr<\/td>\n<\/tr>\n<tr class=\"row-12\">\n\t<td class=\"column-1\">November<\/td><td class=\"column-2\">26.10.2026<\/td><td class=\"column-3\">Montag bis Freitag<\/td><td class=\"column-4\">09:00 - 12:00 Uhr oder 18:00 - 21:00 Uhr<\/td>\n<\/tr>\n<tr class=\"row-13\">\n\t<td class=\"column-1\">Dezember<\/td><td class=\"column-2\">23.11.2026<\/td><td class=\"column-3\">Montag bis Freitag<\/td><td class=\"column-4\">09:00 - 12:00 Uhr oder 18:00 - 21:00 Uhr<\/td>\n<\/tr>\n<tr class=\"row-14\">\n\t<td class=\"column-1\">Dauer<\/td><td class=\"column-2\">1 - 4 Wochen<\/td><td class=\"column-3\"><\/td><td class=\"column-4\"><\/td>\n<\/tr>\n<\/tbody>\n<\/table>\n<!-- #tablepress-1 from cache -->[\/vc_column_text][\/vc_column][\/vc_row][vc_row][vc_column][vc_btn title=&#8221;Jetzt Kurs buchen!&#8221; color=&#8221;sky&#8221; size=&#8221;lg&#8221; link=&#8221;url:https%3A%2F%2Fwww.sprachschule-aktiv-mannheim.de%2Fen%2Fregister-language-school-mannheim%2F|&#8221;][\/vc_column][\/vc_row][vc_row][vc_column][vc_column_text]<\/p>\n<h2>Warum Sie sich f\u00fcr einen Intensivkurs entscheiden sollten?<\/h2>\n<p>Unsere Intensivkurse sind ausgefeilt und decken das komplette Lernrepertoire ab. Sie pauken nicht nur Grammatik, sondern werden intensiv in den Bereichen m\u00fcndlicher sowie schriftlicher Ausdruck und im Lese- und H\u00f6rverstehen trainiert. Durch zus\u00e4tzliche interaktive Sprech\u00fcbungen verbessern Sie in kurzer Zeit Ihren Ausdruck und Ihre Aussprache.<\/p>\n<h2>Welche Lernstufen stehen im Intensivkurs f\u00fcr Sie bereit?<\/h2>\n<p>Unsere Intensivkurse sind nach dem Gemeinsamen Europ\u00e4ischen Referenzrahmen f\u00fcr Sprachen gegliedert. Anf\u00e4nger beginnen auf dem Lernlevel A1. Daran schlie\u00dfen sich ansteigend die Stufen A2, B1, B2, C1 und C2 an. Sollten Sie sich eine Beratung w\u00fcnschen, um herauszufinden, welche Stufe f\u00fcr Sie am besten ist, kommen Sie einfach spontan bei uns in der Sprachschule Aktiv in Mannheim vorbei. Wir f\u00fchren mit Ihnen unverbindlich einen Einstufungstest durch. Diesen finden Sie allerdings auch online auf unserer Webseite.<\/p>\n<h2>Hohe Unterrichtsqualit\u00e4t durch motivierte Dozenten<\/h2>\n<p>Bei der Sprachschule Aktiv in Mannheim werden Sie haupts\u00e4chlich von muttersprachlichen Deutschlehrern unterrichtet, welche eine intensive p\u00e4dagogische bzw. philologische Ausbildung durchlaufen haben. Neben ihrem reichen Erfahrungsschatz in der Vermittlung der deutschen Sprache charakterisieren unsere Lehrkr\u00e4fte auch eine freundliche und geduldige Pers\u00f6nlichkeit. Lernen Sie Ihren Deutschlehrer in einer kostenlosen Teststunde kennen und entscheiden Sie, ob Sie mit diesem Trainer Ihren Spracherwerb optimieren m\u00f6chten!<\/p>\n<h2>Weitere Vorteile des Intensivkurses f\u00fcr Deutsch in Mannheim<\/h2>\n<p>Neben einem hochwertigen Deutschunterricht profitieren Sie zus\u00e4tzlich von<\/p>\n<ul>\n<li>Einem attraktiven Rabattsystem, denn je mehr Wochen Sie buchen, desto g\u00fcnstiger wird die Einzelstunde<\/li>\n<li>Einem aussagekr\u00e4ftigen Teilnahmezertifikat<\/li>\n<li>Einer zentralen Lage in einem belebten Stadtviertel in Mannheim<\/li>\n<li>Modernen und hellen Unterrichtsr\u00e4umen.<\/li>\n<li>Hilfsbereite und kompetente Fremdsprachenberater, die monatliche Angebote f\u00fcr Freizeitaktivit\u00e4ten f\u00fcr die Teilnehmer organisieren und auch au\u00dferhalb der Klassenr\u00e4ume immer f\u00fcr Sie da sind<\/li>\n<\/ul>\n<p>[\/vc_column_text][\/vc_column][\/vc_row]<\/p>\n","protected":false},"excerpt":{"rendered":"<p>[vc_row][vc_column width=&#8221;1\/2&#8243;][vc_column_text]Sie m\u00f6chten Ihren Lebensmittelpunkt nach Deutschland verlegen oder haben dies bereits getan? Sie haben sich das Ziel gesetzt, in Deutschland zu arbeiten oder zu studieren? Dann lassen Sie sich durch unsere Intensivkurse f\u00fcr Deutsch in Mannheim auf Ihrem Weg zum beruflichen Gl\u00fcck begleiten! Muttersprachliche Deutschlehrer mit interaktiven und modernen Unterrichtsmethoden warten auf Sie.[\/vc_column_text][\/vc_column][vc_column width=&#8221;1\/2&#8243;][vc_column_text]&hellip; <a class=\"read-more\" href=\"https:\/\/www.sprachschule-aktiv-mannheim.de\/en\/german-intensive-courses-mannheim\/\" title=\"Read German intensive courses in Mannheim \u2013 A1, A2, B1, B2, C1, C2\">Read more &raquo;<\/a><\/p>\n","protected":false},"author":2,"featured_media":0,"parent":0,"menu_order":0,"comment_status":"closed","ping_status":"closed","template":"","meta":{"footnotes":""},"class_list":["post-702","page","type-page","status-publish","hentry"],"yoast_head":"<!-- This site is optimized with the Yoast SEO plugin v27.1.1 - https:\/\/yoast.com\/product\/yoast-seo-wordpress\/ -->\n<title>German intensive courses in Mannheim \u2013 A1, A2, B1, B2, C1, C2<\/title>\n<meta name=\"description\" content=\"German intensive courses.You would like to move to Germany or you already have? It is your goal to work or study in Germany?\" \/>\n<meta name=\"robots\" content=\"index, follow, max-snippet:-1, max-image-preview:large, max-video-preview:-1\" \/>\n<link rel=\"canonical\" href=\"https:\/\/www.sprachschule-aktiv-mannheim.de\/en\/german-intensive-courses-mannheim\/\" \/>\n<meta property=\"og:locale\" content=\"en_US\" \/>\n<meta property=\"og:type\" content=\"article\" \/>\n<meta property=\"og:title\" content=\"German intensive courses in Mannheim \u2013 A1, A2, B1, B2, C1, C2\" \/>\n<meta property=\"og:description\" content=\"German intensive courses.You would like to move to Germany or you already have? It is your goal to work or study in Germany?\" \/>\n<meta property=\"og:url\" content=\"https:\/\/www.sprachschule-aktiv-mannheim.de\/en\/german-intensive-courses-mannheim\/\" \/>\n<meta property=\"og:site_name\" content=\"Sprachschule Aktiv Mannheim\" \/>\n<meta property=\"article:modified_time\" content=\"2025-04-24T11:23:49+00:00\" \/>\n<meta property=\"og:image\" content=\"https:\/\/www.sprachschule-aktiv-mannheim.de\/wp-content\/uploads\/2021\/02\/deutsch-intensivkurse-mannheim.jpg\" \/>\n\t<meta property=\"og:image:width\" content=\"344\" \/>\n\t<meta property=\"og:image:height\" content=\"230\" \/>\n\t<meta property=\"og:image:type\" content=\"image\/jpeg\" \/>\n<meta name=\"twitter:card\" content=\"summary_large_image\" \/>\n<meta name=\"twitter:label1\" content=\"Est. reading time\" \/>\n\t<meta name=\"twitter:data1\" content=\"2 minutes\" \/>\n<script type=\"application\/ld+json\" class=\"yoast-schema-graph\">{\"@context\":\"https:\/\/schema.org\",\"@graph\":[{\"@type\":\"WebPage\",\"@id\":\"https:\/\/www.sprachschule-aktiv-mannheim.de\/deutsch-lernen\/deutsch-intensivkurse\/\",\"url\":\"https:\/\/www.sprachschule-aktiv-mannheim.de\/en\/german-intensive-courses-mannheim\/\",\"name\":\"German intensive courses in Mannheim \u2013 A1, A2, B1, B2, C1, C2\",\"isPartOf\":{\"@id\":\"https:\/\/www.sprachschule-aktiv-mannheim.de\/#website\"},\"primaryImageOfPage\":{\"@id\":\"https:\/\/www.sprachschule-aktiv-mannheim.de\/en\/german-intensive-courses-mannheim\/#primaryimage\"},\"image\":{\"@id\":\"https:\/\/www.sprachschule-aktiv-mannheim.de\/en\/german-intensive-courses-mannheim\/#primaryimage\"},\"thumbnailUrl\":\"https:\/\/www.sprachschule-aktiv-mannheim.de\/wp-content\/uploads\/2021\/02\/deutsch-intensivkurse-mannheim.jpg\",\"datePublished\":\"2021-01-26T07:40:34+00:00\",\"dateModified\":\"2025-04-24T11:23:49+00:00\",\"description\":\"German intensive courses.You would like to move to Germany or you already have? It is your goal to work or study in Germany?\",\"breadcrumb\":{\"@id\":\"https:\/\/www.sprachschule-aktiv-mannheim.de\/en\/german-intensive-courses-mannheim\/#breadcrumb\"},\"inLanguage\":\"en-US\",\"potentialAction\":[{\"@type\":\"ReadAction\",\"target\":[\"https:\/\/www.sprachschule-aktiv-mannheim.de\/en\/german-intensive-courses-mannheim\/\"]}]},{\"@type\":\"ImageObject\",\"inLanguage\":\"en-US\",\"@id\":\"https:\/\/www.sprachschule-aktiv-mannheim.de\/en\/german-intensive-courses-mannheim\/#primaryimage\",\"url\":\"https:\/\/www.sprachschule-aktiv-mannheim.de\/wp-content\/uploads\/2021\/02\/deutsch-intensivkurse-mannheim.jpg\",\"contentUrl\":\"https:\/\/www.sprachschule-aktiv-mannheim.de\/wp-content\/uploads\/2021\/02\/deutsch-intensivkurse-mannheim.jpg\"},{\"@type\":\"BreadcrumbList\",\"@id\":\"https:\/\/www.sprachschule-aktiv-mannheim.de\/en\/german-intensive-courses-mannheim\/#breadcrumb\",\"itemListElement\":[{\"@type\":\"ListItem\",\"position\":1,\"name\":\"Startseite\",\"item\":\"https:\/\/www.sprachschule-aktiv-mannheim.de\/en\/\"},{\"@type\":\"ListItem\",\"position\":2,\"name\":\"German intensive courses in Mannheim \u2013 A1, A2, B1, B2, C1, C2\"}]},{\"@type\":\"WebSite\",\"@id\":\"https:\/\/www.sprachschule-aktiv-mannheim.de\/#website\",\"url\":\"https:\/\/www.sprachschule-aktiv-mannheim.de\/\",\"name\":\"Sprachschule Aktiv Mannheim\",\"description\":\"\",\"potentialAction\":[{\"@type\":\"SearchAction\",\"target\":{\"@type\":\"EntryPoint\",\"urlTemplate\":\"https:\/\/www.sprachschule-aktiv-mannheim.de\/?s={search_term_string}\"},\"query-input\":{\"@type\":\"PropertyValueSpecification\",\"valueRequired\":true,\"valueName\":\"search_term_string\"}}],\"inLanguage\":\"en-US\"}]}<\/script>\n<!-- \/ Yoast SEO plugin. -->","yoast_head_json":{"title":"German intensive courses in Mannheim \u2013 A1, A2, B1, B2, C1, C2","description":"German intensive courses.You would like to move to Germany or you already have? It is your goal to work or study in Germany?","robots":{"index":"index","follow":"follow","max-snippet":"max-snippet:-1","max-image-preview":"max-image-preview:large","max-video-preview":"max-video-preview:-1"},"canonical":"https:\/\/www.sprachschule-aktiv-mannheim.de\/en\/german-intensive-courses-mannheim\/","og_locale":"en_US","og_type":"article","og_title":"German intensive courses in Mannheim \u2013 A1, A2, B1, B2, C1, C2","og_description":"German intensive courses.You would like to move to Germany or you already have? It is your goal to work or study in Germany?","og_url":"https:\/\/www.sprachschule-aktiv-mannheim.de\/en\/german-intensive-courses-mannheim\/","og_site_name":"Sprachschule Aktiv Mannheim","article_modified_time":"2025-04-24T11:23:49+00:00","og_image":[{"width":344,"height":230,"url":"https:\/\/www.sprachschule-aktiv-mannheim.de\/wp-content\/uploads\/2021\/02\/deutsch-intensivkurse-mannheim.jpg","type":"image\/jpeg"}],"twitter_card":"summary_large_image","twitter_misc":{"Est. reading time":"2 minutes"},"schema":{"@context":"https:\/\/schema.org","@graph":[{"@type":"WebPage","@id":"https:\/\/www.sprachschule-aktiv-mannheim.de\/deutsch-lernen\/deutsch-intensivkurse\/","url":"https:\/\/www.sprachschule-aktiv-mannheim.de\/en\/german-intensive-courses-mannheim\/","name":"German intensive courses in Mannheim \u2013 A1, A2, B1, B2, C1, C2","isPartOf":{"@id":"https:\/\/www.sprachschule-aktiv-mannheim.de\/#website"},"primaryImageOfPage":{"@id":"https:\/\/www.sprachschule-aktiv-mannheim.de\/en\/german-intensive-courses-mannheim\/#primaryimage"},"image":{"@id":"https:\/\/www.sprachschule-aktiv-mannheim.de\/en\/german-intensive-courses-mannheim\/#primaryimage"},"thumbnailUrl":"https:\/\/www.sprachschule-aktiv-mannheim.de\/wp-content\/uploads\/2021\/02\/deutsch-intensivkurse-mannheim.jpg","datePublished":"2021-01-26T07:40:34+00:00","dateModified":"2025-04-24T11:23:49+00:00","description":"German intensive courses.You would like to move to Germany or you already have? It is your goal to work or study in Germany?","breadcrumb":{"@id":"https:\/\/www.sprachschule-aktiv-mannheim.de\/en\/german-intensive-courses-mannheim\/#breadcrumb"},"inLanguage":"en-US","potentialAction":[{"@type":"ReadAction","target":["https:\/\/www.sprachschule-aktiv-mannheim.de\/en\/german-intensive-courses-mannheim\/"]}]},{"@type":"ImageObject","inLanguage":"en-US","@id":"https:\/\/www.sprachschule-aktiv-mannheim.de\/en\/german-intensive-courses-mannheim\/#primaryimage","url":"https:\/\/www.sprachschule-aktiv-mannheim.de\/wp-content\/uploads\/2021\/02\/deutsch-intensivkurse-mannheim.jpg","contentUrl":"https:\/\/www.sprachschule-aktiv-mannheim.de\/wp-content\/uploads\/2021\/02\/deutsch-intensivkurse-mannheim.jpg"},{"@type":"BreadcrumbList","@id":"https:\/\/www.sprachschule-aktiv-mannheim.de\/en\/german-intensive-courses-mannheim\/#breadcrumb","itemListElement":[{"@type":"ListItem","position":1,"name":"Startseite","item":"https:\/\/www.sprachschule-aktiv-mannheim.de\/en\/"},{"@type":"ListItem","position":2,"name":"German intensive courses in Mannheim \u2013 A1, A2, B1, B2, C1, C2"}]},{"@type":"WebSite","@id":"https:\/\/www.sprachschule-aktiv-mannheim.de\/#website","url":"https:\/\/www.sprachschule-aktiv-mannheim.de\/","name":"Sprachschule Aktiv Mannheim","description":"","potentialAction":[{"@type":"SearchAction","target":{"@type":"EntryPoint","urlTemplate":"https:\/\/www.sprachschule-aktiv-mannheim.de\/?s={search_term_string}"},"query-input":{"@type":"PropertyValueSpecification","valueRequired":true,"valueName":"search_term_string"}}],"inLanguage":"en-US"}]}},"_links":{"self":[{"href":"https:\/\/www.sprachschule-aktiv-mannheim.de\/en\/wp-json\/wp\/v2\/pages\/702","targetHints":{"allow":["GET"]}}],"collection":[{"href":"https:\/\/www.sprachschule-aktiv-mannheim.de\/en\/wp-json\/wp\/v2\/pages"}],"about":[{"href":"https:\/\/www.sprachschule-aktiv-mannheim.de\/en\/wp-json\/wp\/v2\/types\/page"}],"author":[{"embeddable":true,"href":"https:\/\/www.sprachschule-aktiv-mannheim.de\/en\/wp-json\/wp\/v2\/users\/2"}],"replies":[{"embeddable":true,"href":"https:\/\/www.sprachschule-aktiv-mannheim.de\/en\/wp-json\/wp\/v2\/comments?post=702"}],"version-history":[{"count":20,"href":"https:\/\/www.sprachschule-aktiv-mannheim.de\/en\/wp-json\/wp\/v2\/pages\/702\/revisions"}],"predecessor-version":[{"id":1674,"href":"https:\/\/www.sprachschule-aktiv-mannheim.de\/en\/wp-json\/wp\/v2\/pages\/702\/revisions\/1674"}],"wp:attachment":[{"href":"https:\/\/www.sprachschule-aktiv-mannheim.de\/en\/wp-json\/wp\/v2\/media?parent=702"}],"curies":[{"name":"wp","href":"https:\/\/api.w.org\/{rel}","templated":true}]}}